{"id":57,"date":"2010-05-17T20:04:58","date_gmt":"2010-05-17T20:04:58","guid":{"rendered":"\/?page_id=57"},"modified":"2025-09-12T14:10:06","modified_gmt":"2025-09-12T14:10:06","slug":"jobba-hos-oss","status":"publish","type":"page","link":"https:\/\/lidingo.jonasmelchersonlab.se\/en\/om-barnens-gymnastikskola\/om\/vara-pedagoger\/jobba-hos-oss\/","title":{"rendered":"Work with us!"},"content":{"rendered":"<h3>Gymnastics teacher\/leader assistant<\/h3>\n<p>Now we are looking for more team leaders and instructors for the academic year 2023\/2024! We are looking for someone who has a passionate interest in and own experience in gymnastics, sports, children and leadership. Services include six to twenty lessons per week. The work is scheduled for afternoon\/early evening and daytime weekends.<\/p>\n<p>With us, you will develop children and young people. You are probably planning to be in Stockholm for the next few years, maybe you are studying and want to combine that with a meaningful, responsible and developing part-time job. The world&#039;s funnest and most rewarding job!<\/p>\n<p>You will receive training in everything from leadership and communication, as well as in child development, pedagogy and gymnastics technique.<br \/>\nWe have course activities in motor skills and gymnastics. We currently have around 800 children aged 10 months to 15 years in our roughly 70 groups at Liding\u00f6 and G\u00e4rdet.<\/p>\n<h3>Combine administration and time in the hall<\/h3>\n<p>For the right person, there is also the opportunity to supplement classroom work with developing jobs in our office with course administration, customer contacts, communication, events and more. The position is initially a 75-80% project employment for the academic year 23\/24, with the possibility of extension and expansion.<\/p>\n<p>Does that sound cut and dried to you? Apply through the form below.<\/p>\n<div class=\"wpforms-container wpforms-container-full\" id=\"wpforms-6529\"><form id=\"wpforms-form-6529\" class=\"wpforms-validate wpforms-form\" data-formid=\"6529\" method=\"post\" enctype=\"multipart\/form-data\" action=\"\/en\/wp-json\/wp\/v2\/pages\/57?wpforms_form_id=6529\" data-token=\"2fed42d34909dce426d37e067f82341a\" data-token-time=\"1776605505\" data-trp-original-action=\"\/en\/wp-json\/wp\/v2\/pages\/57?wpforms_form_id=6529\"><noscript class=\"wpforms-error-noscript\">Please enable JavaScript in your browser to complete this form.<\/noscript><div class=\"wpforms-page-indicator connector\" data-indicator=\"connector\" data-indicator-color=\"#97007a\" data-scroll=\"1\"><div class=\"wpforms-page-indicator-page active wpforms-page-indicator-page-1\" style=\"width:33.333333333333%;\"><span class=\"wpforms-page-indicator-page-number\" style=\"background-color:#97007a\">1<span class=\"wpforms-page-indicator-page-triangle\" style=\"border-top-color:#97007a\"><\/span><\/span><span class=\"wpforms-page-indicator-page-title\">Personal data<\/span><\/div><div class=\"wpforms-page-indicator-page  wpforms-page-indicator-page-2\" style=\"width:33.333333333333%;\"><span class=\"wpforms-page-indicator-page-number\">2<span class=\"wpforms-page-indicator-page-triangle\"><\/span><\/span><span class=\"wpforms-page-indicator-page-title\">More about you<\/span><\/div><div class=\"wpforms-page-indicator-page  wpforms-page-indicator-page-3\" style=\"width:33.333333333333%;\"><span class=\"wpforms-page-indicator-page-number\">3<span class=\"wpforms-page-indicator-page-triangle\"><\/span><\/span><span class=\"wpforms-page-indicator-page-title\">More about your application<\/span><\/div><\/div><div class=\"wpforms-field-container\"><div class=\"wpforms-page wpforms-page-1\" data-page=\"1\"><div id=\"wpforms-6529-field_21-container\" class=\"wpforms-field wpforms-field-pagebreak\" data-field-id=\"21\"><\/div><div id=\"wpforms-6529-field_1-container\" class=\"wpforms-field wpforms-field-text\" data-field-id=\"1\"><label class=\"wpforms-field-label\" for=\"wpforms-6529-field_1\">First name <span class=\"wpforms-required-label\">*<\/span><\/label><input type=\"text\" id=\"wpforms-6529-field_1\" class=\"wpforms-field-medium wpforms-field-required\" name=\"wpforms[fields][1]\" placeholder=\"First name\" required><\/div><div id=\"wpforms-6529-field_2-container\" class=\"wpforms-field wpforms-field-text\" data-field-id=\"2\"><label class=\"wpforms-field-label\" for=\"wpforms-6529-field_2\">Surname <span class=\"wpforms-required-label\">*<\/span><\/label><input type=\"text\" id=\"wpforms-6529-field_2\" class=\"wpforms-field-medium wpforms-field-required\" name=\"wpforms[fields][2]\" placeholder=\"Surname\" required><\/div><div id=\"wpforms-6529-field_3-container\" class=\"wpforms-field wpforms-field-text\" data-field-id=\"3\"><label class=\"wpforms-field-label\" for=\"wpforms-6529-field_3\">Social security number (10 digits) <span class=\"wpforms-required-label\">*<\/span><\/label><input type=\"text\" id=\"wpforms-6529-field_3\" class=\"wpforms-field-medium wpforms-field-required\" name=\"wpforms[fields][3]\" placeholder=\"YYMMDD-NNNN\" required><\/div><div id=\"wpforms-6529-field_38-container\" class=\"wpforms-field wpforms-field-email\" data-field-id=\"38\"><label class=\"wpforms-field-label\" for=\"wpforms-6529-field_38\">Email address <span class=\"wpforms-required-label\">*<\/span><\/label><input type=\"email\" id=\"wpforms-6529-field_38\" class=\"wpforms-field-medium wpforms-field-required\" name=\"wpforms[fields][38]\" spellcheck=\"false\" required><\/div><div id=\"wpforms-6529-field_23-container\" class=\"wpforms-field wpforms-field-html wpforms-field-label\" data-field-id=\"23\"><div id=\"wpforms-6529-field_23\">Phone number <\/div><\/div><div id=\"wpforms-6529-field_24-container\" class=\"wpforms-field wpforms-field-text wpforms-one-sixth wpforms-first telefonprefix\" data-field-id=\"24\"><label class=\"wpforms-field-label wpforms-label-hide\" for=\"wpforms-6529-field_24\">Phone number 1 prefix <span class=\"wpforms-required-label\">*<\/span><\/label><input type=\"text\" id=\"wpforms-6529-field_24\" class=\"wpforms-field-large wpforms-field-required wpforms-masked-input\" data-rule-inputmask-incomplete=\"1\" data-inputmask-mask=\"999\" name=\"wpforms[fields][24]\" placeholder=\"070\" required><\/div><div id=\"wpforms-6529-field_28-container\" class=\"wpforms-field wpforms-field-html telefonbindestreck wpforms-one-sixth\" data-field-id=\"28\"><div id=\"wpforms-6529-field_28\">_<\/div><\/div><div id=\"wpforms-6529-field_7-container\" class=\"wpforms-field wpforms-field-phone wpforms-two-fourths\" data-field-id=\"7\"><label class=\"wpforms-field-label wpforms-label-hide\" for=\"wpforms-6529-field_7\">Telephone 1 <span class=\"wpforms-required-label\">*<\/span><\/label><input type=\"tel\" id=\"wpforms-6529-field_7\" class=\"wpforms-field-medium wpforms-field-required\" data-rule-int-phone-field=\"true\" name=\"wpforms[fields][7]\" placeholder=\"000 00 00\" aria-label=\"Telephone 1\" required><\/div><div id=\"wpforms-6529-field_53-container\" class=\"wpforms-field wpforms-field-text\" data-field-id=\"53\"><label class=\"wpforms-field-label\" for=\"wpforms-6529-field_53\">Street address <span class=\"wpforms-required-label\">*<\/span><\/label><input type=\"text\" id=\"wpforms-6529-field_53\" class=\"wpforms-field-medium wpforms-field-required\" name=\"wpforms[fields][53]\" required><\/div><div id=\"wpforms-6529-field_54-container\" class=\"wpforms-field wpforms-field-text\" data-field-id=\"54\"><label class=\"wpforms-field-label\" for=\"wpforms-6529-field_54\">Postal address <span class=\"wpforms-required-label\">*<\/span><\/label><input type=\"text\" id=\"wpforms-6529-field_54\" class=\"wpforms-field-medium wpforms-field-required\" name=\"wpforms[fields][54]\" required><\/div><div id=\"wpforms-6529-field_32-container\" class=\"wpforms-field wpforms-field-pagebreak\" data-field-id=\"32\"><div class=\"wpforms-clear wpforms-pagebreak-left\"><button class=\"wpforms-page-button wpforms-page-next\" data-action=\"next\" data-page=\"1\" data-formid=\"6529\" disabled>Next<\/button><\/div><\/div><\/div><div class=\"wpforms-page wpforms-page-2\" data-page=\"2\" style=\"display:none;\"><div id=\"wpforms-6529-field_13-container\" class=\"wpforms-field wpforms-field-radio wpforms-conditional-trigger\" data-field-id=\"13\"><label class=\"wpforms-field-label\">Studies <span class=\"wpforms-required-label\">*<\/span><\/label><ul id=\"wpforms-6529-field_13\" class=\"wpforms-field-required\"><li class=\"choice-0 depth-1\"><input type=\"radio\" id=\"wpforms-6529-field_13_0\" name=\"wpforms[fields][13]\" value=\"Jag studerar p\u00e5 h\u00f6gstadiet\" required><label class=\"wpforms-field-label-inline\" for=\"wpforms-6529-field_13_0\">I study at the junior high school<\/label><\/li><li class=\"choice-5 depth-1\"><input type=\"radio\" id=\"wpforms-6529-field_13_5\" name=\"wpforms[fields][13]\" value=\"Jag studerar\/ har studerat p\u00e5 gymnasiet\" required><label class=\"wpforms-field-label-inline\" for=\"wpforms-6529-field_13_5\">I study\/have studied at high school<\/label><\/li><li class=\"choice-6 depth-1\"><input type=\"radio\" id=\"wpforms-6529-field_13_6\" name=\"wpforms[fields][13]\" value=\"Jag g\u00e5r\/har g\u00e5tt eftergymnasial utbildning\" required><label class=\"wpforms-field-label-inline\" for=\"wpforms-6529-field_13_6\">I am\/have attended post-secondary education<\/label><\/li><\/ul><\/div><div id=\"wpforms-6529-field_43-container\" class=\"wpforms-field wpforms-field-text wpforms-conditional-field wpforms-conditional-show\" data-field-id=\"43\" style=\"display:none;\"><label class=\"wpforms-field-label\" for=\"wpforms-6529-field_43\">What grade and school do you go to? <span class=\"wpforms-required-label\">*<\/span><\/label><input type=\"text\" id=\"wpforms-6529-field_43\" class=\"wpforms-field-medium wpforms-field-required\" name=\"wpforms[fields][43]\" required><\/div><div id=\"wpforms-6529-field_62-container\" class=\"wpforms-field wpforms-field-text wpforms-conditional-field wpforms-conditional-show\" data-field-id=\"62\" style=\"display:none;\"><label class=\"wpforms-field-label\" for=\"wpforms-6529-field_62\">What school and program do you go to? <span class=\"wpforms-required-label\">*<\/span><\/label><input type=\"text\" id=\"wpforms-6529-field_62\" class=\"wpforms-field-medium wpforms-field-required\" name=\"wpforms[fields][62]\" required><\/div><div id=\"wpforms-6529-field_12-container\" class=\"wpforms-field wpforms-field-textarea wpforms-conditional-field wpforms-conditional-show\" data-field-id=\"12\" style=\"display:none;\"><label class=\"wpforms-field-label\" for=\"wpforms-6529-field_12\">Tell us what training courses you are taking\/have taken <span class=\"wpforms-required-label\">*<\/span><\/label><textarea id=\"wpforms-6529-field_12\" class=\"wpforms-field-medium wpforms-field-required\" name=\"wpforms[fields][12]\" required><\/textarea><\/div><div id=\"wpforms-6529-field_18-container\" class=\"wpforms-field wpforms-field-textarea\" data-field-id=\"18\"><label class=\"wpforms-field-label\" for=\"wpforms-6529-field_18\">Describe your previous experiences with children <span class=\"wpforms-required-label\">*<\/span><\/label><textarea id=\"wpforms-6529-field_18\" class=\"wpforms-field-medium wpforms-field-required\" name=\"wpforms[fields][18]\" required><\/textarea><\/div><div id=\"wpforms-6529-field_64-container\" class=\"wpforms-field wpforms-field-textarea\" data-field-id=\"64\"><label class=\"wpforms-field-label\" for=\"wpforms-6529-field_64\">Describe any previous management experience <span class=\"wpforms-required-label\">*<\/span><\/label><textarea id=\"wpforms-6529-field_64\" class=\"wpforms-field-medium wpforms-field-required\" name=\"wpforms[fields][64]\" required><\/textarea><\/div><div id=\"wpforms-6529-field_65-container\" class=\"wpforms-field wpforms-field-textarea\" data-field-id=\"65\"><label class=\"wpforms-field-label\" for=\"wpforms-6529-field_65\">Describe previous work experience  <span class=\"wpforms-required-label\">*<\/span><\/label><textarea id=\"wpforms-6529-field_65\" class=\"wpforms-field-medium wpforms-field-required\" name=\"wpforms[fields][65]\" required><\/textarea><\/div><div id=\"wpforms-6529-field_66-container\" class=\"wpforms-field wpforms-field-textarea\" data-field-id=\"66\"><label class=\"wpforms-field-label\" for=\"wpforms-6529-field_66\">Describe your gymnastics and\/or sports background <span class=\"wpforms-required-label\">*<\/span><\/label><textarea id=\"wpforms-6529-field_66\" class=\"wpforms-field-medium wpforms-field-required\" name=\"wpforms[fields][66]\" required><\/textarea><\/div><div id=\"wpforms-6529-field_67-container\" class=\"wpforms-field wpforms-field-textarea\" data-field-id=\"67\"><label class=\"wpforms-field-label\" for=\"wpforms-6529-field_67\">Other leisure interests <span class=\"wpforms-required-label\">*<\/span><\/label><textarea id=\"wpforms-6529-field_67\" class=\"wpforms-field-medium wpforms-field-required\" name=\"wpforms[fields][67]\" required><\/textarea><\/div><div id=\"wpforms-6529-field_20-container\" class=\"wpforms-field wpforms-field-pagebreak\" data-field-id=\"20\"><div class=\"wpforms-clear wpforms-pagebreak-left\"><button class=\"wpforms-page-button wpforms-page-prev\" data-action=\"prev\" data-page=\"2\" data-formid=\"6529\" disabled>Previous<\/button><button class=\"wpforms-page-button wpforms-page-next\" data-action=\"next\" data-page=\"2\" data-formid=\"6529\" disabled>Next<\/button><\/div><\/div><\/div><div class=\"wpforms-page wpforms-page-3 last\" data-page=\"3\" style=\"display:none;\"><div id=\"wpforms-6529-field_68-container\" class=\"wpforms-field wpforms-field-radio\" data-field-id=\"68\"><label class=\"wpforms-field-label\">Can you work both weekends and weekday evenings? <span class=\"wpforms-required-label\">*<\/span><\/label><ul id=\"wpforms-6529-field_68\" class=\"wpforms-field-required\"><li class=\"choice-0 depth-1\"><input type=\"radio\" id=\"wpforms-6529-field_68_0\" name=\"wpforms[fields][68]\" value=\"Jag kan jobba b\u00e5de helg och vardag\" required><label class=\"wpforms-field-label-inline\" for=\"wpforms-6529-field_68_0\">I can work both weekends and weekdays<\/label><\/li><li class=\"choice-5 depth-1\"><input type=\"radio\" id=\"wpforms-6529-field_68_5\" name=\"wpforms[fields][68]\" value=\"Jag kan endast jobba vardag\" required><label class=\"wpforms-field-label-inline\" for=\"wpforms-6529-field_68_5\">I can only work everyday<\/label><\/li><li class=\"choice-6 depth-1\"><input type=\"radio\" id=\"wpforms-6529-field_68_6\" name=\"wpforms[fields][68]\" value=\"Jag kan endast jobba helg\" required><label class=\"wpforms-field-label-inline\" for=\"wpforms-6529-field_68_6\">I can only work weekends<\/label><\/li><\/ul><\/div><div id=\"wpforms-6529-field_44-container\" class=\"wpforms-field wpforms-field-text\" data-field-id=\"44\"><label class=\"wpforms-field-label\" for=\"wpforms-6529-field_44\">How did you find out about this service? <span class=\"wpforms-required-label\">*<\/span><\/label><input type=\"text\" id=\"wpforms-6529-field_44\" class=\"wpforms-field-medium wpforms-field-required\" name=\"wpforms[fields][44]\" required><\/div><div id=\"wpforms-6529-field_70-container\" class=\"wpforms-field wpforms-field-file-upload\" data-field-id=\"70\"><label class=\"wpforms-field-label\" for=\"wpforms-6529-field_70\">Attach your CV (with a picture of yourself) <span class=\"wpforms-required-label\">*<\/span><\/label><div\n\t\tclass=\"wpforms-uploader\"\n\t\tdata-field-id=\"70\"\n\t\tdata-form-id=\"6529\"\n\t\tdata-input-name=\"wpforms_6529_70\"\n\t\tdata-extensions=\"jpg,jpeg,jpe,gif,png,bmp,tiff,tif,webp,avif,ico,heic,heics,heif,heifs,asf,asx,wmv,wmx,wm,wma,avi,divx,mov,qt,mpeg,mpg,mpe,mp4,m4v,ogv,webm,mkv,3gp,3gpp,3g2,3gp2,txt,asc,c,cc,h,srt,csv,ics,css,aac,flac,class,xcf,doc,docx,docm,onetoc,onetoc2,onepkg,odc,tsv,rtx,vtt,mp3,m4a,m4b,ra,ram,rar,wav,x-wav,ogg,oga,mid,midi,wax,mka,rtf,pdf,tar,zip,gz,gzip,7z,psd,pot,pps,ppt,potx,potm,ppsx,ppsm,pptx,pptm,wri,xla,xls,xlt,xlw,xlam,xlsx,xlsm,xlsb,xltx,xltm,mpp,dotx,dotm,ppam,sldx,sldm,oxps,xps,odt,odp,ods,odg,odb,odf,wp,wpd,key,numbers,pages\"\n\t\tdata-max-size=\"1536000\"\n\t\tdata-max-file-number=\"1\"\n\t\tdata-post-max-size=\"1536000\"\n\t\tdata-max-parallel-uploads=\"4\"\n\t\tdata-parallel-uploads=\"true\"\n\t\tdata-file-chunk-size=\"1536000\">\n\t<div class=\"dz-message\">\n\t\t<svg viewbox=\"0 0 1024 1024\" focusable=\"false\" data-icon=\"inbox\" width=\"50px\" height=\"50px\" fill=\"currentColor\" aria-hidden=\"true\">\n\t\t\t<path d=\"M885.2 446.3l-.2-.8-112.2-285.1c-5-16.1-19.9-27.2-36.8-27.2H281.2c-17 0-32.1 11.3-36.9 27.6L139.4 443l-.3.7-.2.8c-1.3 4.9-1.7 9.9-1 14.8-.1 1.6-.2 3.2-.2 4.8V830a60.9 60.9 0 0 0 60.8 60.8h627.2c33.5 0 60.8-27.3 60.9-60.8V464.1c0-1.3 0-2.6-.1-3.7.4-4.9 0-9.6-1.3-14.1zm-295.8-43l-.3 15.7c-.8 44.9-31.8 75.1-77.1 75.1-22.1 0-41.1-7.1-54.8-20.6S436 441.2 435.6 419l-.3-15.7H229.5L309 210h399.2l81.7 193.3H589.4zm-375 76.8h157.3c24.3 57.1 76 90.8 140.4 90.8 33.7 0 65-9.4 90.3-27.2 22.2-15.6 39.5-37.4 50.7-63.6h156.5V814H214.4V480.1z\"><\/path>\n\t\t<\/svg>\n\t\t<span class=\"modern-title\">Click or drag a file to this area to upload.<\/span>\n\n\t\t\t<\/div>\n<\/div>\n<input\n\t\ttype=\"text\"\n\t\tautocomplete=\"off\"\n\t\treadonly\n\t\tclass=\"dropzone-input\"\n\t\tstyle=\"position:absolute!important;clip:rect(0,0,0,0)!important;height:1px!important;width:1px!important;border:0!important;overflow:hidden!important;padding:0!important;margin:0!important;\"\n\t\tid=\"wpforms-6529-field_70\"\n\t\tname=\"wpforms_6529_70\" required\t\tvalue=\"\">\n<\/div><div id=\"wpforms-6529-field_39-container\" class=\"wpforms-field wpforms-field-html\" data-field-id=\"39\"><div id=\"wpforms-6529-field_39\"><h4>General Data Protection Regulation (GDPR)<\/h4>\r\nLiding\u00f6 Gymnastikskola only uses the collected information\/contact details for internal administrative use. No information is disclosed externally or to third parties in any context. The data is stored securely and only the people involved in recruitment have access to your data in the recruitment matter. By filling in the application form, you also consent to the data being used and stored in the manner indicated above.<\/div><\/div><div id=\"wpforms-6529-field_55-container\" class=\"wpforms-field wpforms-field-checkbox\" data-field-id=\"55\"><ul id=\"wpforms-6529-field_55\" class=\"wpforms-field-required\"><li class=\"choice-1 depth-1\"><input type=\"checkbox\" id=\"wpforms-6529-field_55_1\" name=\"wpforms[fields][55][]\" value=\"Jag har l\u00e4st igenom texten ovan.\" required><label class=\"wpforms-field-label-inline\" for=\"wpforms-6529-field_55_1\">I have read through the text above.<\/label><\/li><li class=\"choice-2 depth-1\"><input type=\"checkbox\" id=\"wpforms-6529-field_55_2\" name=\"wpforms[fields][55][]\" value=\"Liding\u00f6 Gymnastikskola har mitt medgivande att lagra mina kontaktuppgifter f\u00f6r dessa \u00e4ndam\u00e5l.\" required><label class=\"wpforms-field-label-inline\" for=\"wpforms-6529-field_55_2\">Liding\u00f6 Gymnastikskola has my consent to store my contact details for these purposes.<\/label><\/li><\/ul><\/div><div id=\"wpforms-6529-field_22-container\" class=\"wpforms-field wpforms-field-pagebreak\" data-field-id=\"22\"><div class=\"wpforms-clear wpforms-pagebreak-left\"><button class=\"wpforms-page-button wpforms-page-prev\" data-action=\"prev\" data-page=\"3\" data-formid=\"6529\" disabled>Previous<\/button><\/div><\/div><\/div><\/div><!-- .wpforms-field-container --><div class=\"wpforms-field wpforms-field-hp\"><label for=\"wpforms-6529-field-hp\" class=\"wpforms-field-label\">Email<\/label><input type=\"text\" name=\"wpforms[hp]\" id=\"wpforms-6529-field-hp\" class=\"wpforms-field-medium\"><\/div><div class=\"wpforms-submit-container\" style=\"display:none;\"><input type=\"hidden\" name=\"wpforms[id]\" value=\"6529\"><input type=\"hidden\" name=\"page_title\" value=\"\"><input type=\"hidden\" name=\"page_url\" value=\"https:\/\/lidingo.jonasmelchersonlab.se\/en\/wp-json\/wp\/v2\/pages\/57\"><input type=\"hidden\" name=\"url_referer\" value=\"\"><button type=\"submit\" name=\"wpforms[submit]\" id=\"wpforms-submit-6529\" class=\"wpforms-submit\" data-alt-text=\"Skickar...\" data-submit-text=\"Skicka\" aria-live=\"assertive\" value=\"wpforms-submit\">Send<\/button><\/div><input type=\"hidden\" name=\"trp-form-language\" value=\"en\"\/><\/form><\/div>  <!-- .wpforms-container -->\n<p><img fetchpriority=\"high\" decoding=\"async\" class=\"aligncenter wp-image-10267 size-full\" src=\"https:\/\/lidingo.jonasmelchersonlab.se\/wp-content\/uploads\/sites\/4\/245625310_621940912296866_7460488340071526073_n.jpg\" alt=\"\" width=\"960\" height=\"720\" srcset=\"https:\/\/lidingo.jonasmelchersonlab.se\/wp-content\/uploads\/sites\/4\/245625310_621940912296866_7460488340071526073_n.jpg 960w, https:\/\/lidingo.jonasmelchersonlab.se\/wp-content\/uploads\/sites\/4\/245625310_621940912296866_7460488340071526073_n-300x225.jpg 300w, https:\/\/lidingo.jonasmelchersonlab.se\/wp-content\/uploads\/sites\/4\/245625310_621940912296866_7460488340071526073_n-768x576.jpg 768w, https:\/\/lidingo.jonasmelchersonlab.se\/wp-content\/uploads\/sites\/4\/245625310_621940912296866_7460488340071526073_n-600x450.jpg 600w\" sizes=\"(max-width: 960px) 100vw, 960px\" \/><\/p>\n<div id=\"skype_c2c_menu_container\" class=\"skype_c2c_menu_container notranslate\" style=\"left: 593.017px; top: 602.517px; display: none;\">\n<div class=\"skype_c2c_menu_click2call\"><a id=\"skype_c2c_menu_click2call_action\" class=\"skype_c2c_menu_click2call_action\" target=\"_self\" rel=\"noopener noreferrer\"><\/a>Call<\/div>\n<div class=\"skype_c2c_menu_click2sms\"><a id=\"skype_c2c_menu_click2sms_action\" class=\"skype_c2c_menu_click2sms_action\" target=\"_self\" rel=\"noopener noreferrer\"><\/a>Send SMS<\/div>\n<div class=\"skype_c2c_menu_push_to_mobile\"><a id=\"skype_c2c_menu_push_to_mobile_action\" class=\"skype_c2c_menu_push_to_mobile_action\" target=\"_blank\" rel=\"noopener noreferrer\"><\/a>Call from mobile<\/div>\n<div class=\"skype_c2c_menu_add2skype\"><a id=\"skype_c2c_menu_add2skype_text\" class=\"skype_c2c_menu_add2skype_text\" target=\"_self\" rel=\"noopener noreferrer\"><\/a>Add to Skype<\/div>\n<div class=\"skype_c2c_menu_toll_info\"><span class=\"skype_c2c_menu_toll_callcredit\">You&#039;ll need Skype Credit<\/span><span class=\"skype_c2c_menu_toll_free\">Free via Skype<\/span><\/div>\n<\/div>","protected":false},"excerpt":{"rendered":"<p>Gymnastikpedagog\/ledarassistent Nu s\u00f6ker vi fler teamledare och instrukt\u00f6rer till l\u00e4s\u00e5ret 2023\/2024! Vi s\u00f6ker dig som har ett passionerat intresse f\u00f6r och egen erfarenhet inom gymnastik, idrott, barn och ledarskap. Tj\u00e4nsterna omfattar sex till tjugo lektioner per vecka. Arbetet \u00e4r f\u00f6rlagt till eftermiddag\/tidig kv\u00e4ll samt dagtid helger. Hos oss kommer du utveckla barn och ungdomar. Troligtvis [&hellip;]<\/p>","protected":false},"author":140,"featured_media":10269,"parent":51,"menu_order":32,"comment_status":"closed","ping_status":"closed","template":"","meta":{"_acf_changed":false,"footnotes":""},"categories":[261],"tags":[],"sidmall":[253],"wf_page_folders":[],"class_list":["post-57","page","type-page","status-publish","has-post-thumbnail","hentry","category-om-oss","sidmall-bild-topp-kraver-bild-med-minst-1920-pixlar-bredd"],"acf":[],"_links":{"self":[{"href":"https:\/\/lidingo.jonasmelchersonlab.se\/en\/wp-json\/wp\/v2\/pages\/57","targetHints":{"allow":["GET"]}}],"collection":[{"href":"https:\/\/lidingo.jonasmelchersonlab.se\/en\/wp-json\/wp\/v2\/pages"}],"about":[{"href":"https:\/\/lidingo.jonasmelchersonlab.se\/en\/wp-json\/wp\/v2\/types\/page"}],"author":[{"embeddable":true,"href":"https:\/\/lidingo.jonasmelchersonlab.se\/en\/wp-json\/wp\/v2\/users\/140"}],"replies":[{"embeddable":true,"href":"https:\/\/lidingo.jonasmelchersonlab.se\/en\/wp-json\/wp\/v2\/comments?post=57"}],"version-history":[{"count":1,"href":"https:\/\/lidingo.jonasmelchersonlab.se\/en\/wp-json\/wp\/v2\/pages\/57\/revisions"}],"predecessor-version":[{"id":13112,"href":"https:\/\/lidingo.jonasmelchersonlab.se\/en\/wp-json\/wp\/v2\/pages\/57\/revisions\/13112"}],"up":[{"embeddable":true,"href":"https:\/\/lidingo.jonasmelchersonlab.se\/en\/wp-json\/wp\/v2\/pages\/51"}],"wp:featuredmedia":[{"embeddable":true,"href":"https:\/\/lidingo.jonasmelchersonlab.se\/en\/wp-json\/wp\/v2\/media\/10269"}],"wp:attachment":[{"href":"https:\/\/lidingo.jonasmelchersonlab.se\/en\/wp-json\/wp\/v2\/media?parent=57"}],"wp:term":[{"taxonomy":"category","embeddable":true,"href":"https:\/\/lidingo.jonasmelchersonlab.se\/en\/wp-json\/wp\/v2\/categories?post=57"},{"taxonomy":"post_tag","embeddable":true,"href":"https:\/\/lidingo.jonasmelchersonlab.se\/en\/wp-json\/wp\/v2\/tags?post=57"},{"taxonomy":"sidmall","embeddable":true,"href":"https:\/\/lidingo.jonasmelchersonlab.se\/en\/wp-json\/wp\/v2\/sidmall?post=57"},{"taxonomy":"wf_page_folders","embeddable":true,"href":"https:\/\/lidingo.jonasmelchersonlab.se\/en\/wp-json\/wp\/v2\/wf_page_folders?post=57"}],"curies":[{"name":"wp","href":"https:\/\/api.w.org\/{rel}","templated":true}]}}