{"id":51,"date":"2010-04-27T13:16:03","date_gmt":"2010-04-27T13:16:03","guid":{"rendered":"\/?page_id=51"},"modified":"2025-09-12T14:10:06","modified_gmt":"2025-09-12T14:10:06","slug":"vara-pedagoger","status":"publish","type":"page","link":"https:\/\/lidingo.jonasmelchersonlab.se\/en\/om-barnens-gymnastikskola\/om\/vara-pedagoger\/","title":{"rendered":"Our educators"},"content":{"rendered":"<p>Our roughly 30 educators have one thing in common: they love children. The teachers also undergo our internal training four times a year. They are then trained in child pedagogy, motor skills and gymnastics as well as leadership and drama, but also in marketing, sales and branding issues. All educators are also certified in CPR and first aid for children.<\/p>\n\n\n\n<h4 class=\"wp-block-heading\">Do you want to become a teacher at Liding\u00f6 Gymnastics School?<\/h4>\n\n\n\n<p>For more information about working with us, you can find <a href=\"\/sv\/om-lidingo-gymnastikskola\/om\/vara-pedagoger\/jobba-hos-oss\/\">here<\/a>.<\/p>\n\n\n\n<p><\/p>","protected":false},"excerpt":{"rendered":"<p>V\u00e5ra drygt 30 pedagoger har det gemensamt att de \u00e4lskar barn. Pedagogerna genomg\u00e5r ocks\u00e5 v\u00e5r interna utbildning fyra g\u00e5nger om \u00e5ret. De utbildas d\u00e5 i barnpedagogik, motorik och gymnastik samt ledarskap och drama, men \u00e4ven i marknadsf\u00f6ring f\u00f6rs\u00e4ljning och varum\u00e4rkesfr\u00e5gor. Samtliga pedagoger certifieras dessutom i hj\u00e4rt-lungr\u00e4ddning samt f\u00f6rsta hj\u00e4lpen f\u00f6r barn. Vill du bli pedagog [&hellip;]<\/p>","protected":false},"author":140,"featured_media":12370,"parent":2125,"menu_order":62,"comment_status":"closed","ping_status":"closed","template":"","meta":{"_acf_changed":false,"footnotes":""},"categories":[261],"tags":[],"sidmall":[252],"wf_page_folders":[],"class_list":["post-51","page","type-page","status-publish","has-post-thumbnail","hentry","category-om-oss","sidmall-bild-hoger"],"acf":[],"_links":{"self":[{"href":"https:\/\/lidingo.jonasmelchersonlab.se\/en\/wp-json\/wp\/v2\/pages\/51","targetHints":{"allow":["GET"]}}],"collection":[{"href":"https:\/\/lidingo.jonasmelchersonlab.se\/en\/wp-json\/wp\/v2\/pages"}],"about":[{"href":"https:\/\/lidingo.jonasmelchersonlab.se\/en\/wp-json\/wp\/v2\/types\/page"}],"author":[{"embeddable":true,"href":"https:\/\/lidingo.jonasmelchersonlab.se\/en\/wp-json\/wp\/v2\/users\/140"}],"replies":[{"embeddable":true,"href":"https:\/\/lidingo.jonasmelchersonlab.se\/en\/wp-json\/wp\/v2\/comments?post=51"}],"version-history":[{"count":2,"href":"https:\/\/lidingo.jonasmelchersonlab.se\/en\/wp-json\/wp\/v2\/pages\/51\/revisions"}],"predecessor-version":[{"id":13253,"href":"https:\/\/lidingo.jonasmelchersonlab.se\/en\/wp-json\/wp\/v2\/pages\/51\/revisions\/13253"}],"up":[{"embeddable":true,"href":"https:\/\/lidingo.jonasmelchersonlab.se\/en\/wp-json\/wp\/v2\/pages\/2125"}],"wp:featuredmedia":[{"embeddable":true,"href":"https:\/\/lidingo.jonasmelchersonlab.se\/en\/wp-json\/wp\/v2\/media\/12370"}],"wp:attachment":[{"href":"https:\/\/lidingo.jonasmelchersonlab.se\/en\/wp-json\/wp\/v2\/media?parent=51"}],"wp:term":[{"taxonomy":"category","embeddable":true,"href":"https:\/\/lidingo.jonasmelchersonlab.se\/en\/wp-json\/wp\/v2\/categories?post=51"},{"taxonomy":"post_tag","embeddable":true,"href":"https:\/\/lidingo.jonasmelchersonlab.se\/en\/wp-json\/wp\/v2\/tags?post=51"},{"taxonomy":"sidmall","embeddable":true,"href":"https:\/\/lidingo.jonasmelchersonlab.se\/en\/wp-json\/wp\/v2\/sidmall?post=51"},{"taxonomy":"wf_page_folders","embeddable":true,"href":"https:\/\/lidingo.jonasmelchersonlab.se\/en\/wp-json\/wp\/v2\/wf_page_folders?post=51"}],"curies":[{"name":"wp","href":"https:\/\/api.w.org\/{rel}","templated":true}]}}