{"id":5,"date":"2010-04-27T08:57:33","date_gmt":"2010-04-27T08:57:33","guid":{"rendered":"\/?page_id=5"},"modified":"2025-11-20T15:09:12","modified_gmt":"2025-11-20T15:09:12","slug":"kurser-for-barn","status":"publish","type":"page","link":"https:\/\/lidingo.jonasmelchersonlab.se\/en\/kurser-for-barn\/","title":{"rendered":"Courses for children"},"content":{"rendered":"<p>V\u00e5ren 2026 kan vi erbjuda plats f\u00f6r barn f\u00f6dda 2012 till 2024 (som \u00e4r 10 m\u00e5nader) utan f\u00f6rkunskaper, samt f\u00f6r barn f\u00f6dda 2012-2018 med tidigare gymnastikerfarenhet. Det finns \u00e5tta olika kurser, som \u00e4r indelade i olika steg. Varje termin best\u00e5r av tv\u00e5 perioder\/steg.<\/p>\n\n\n\n<h3 class=\"wp-block-heading\">We have four course starts each academic year.<\/h3>\n\n\n\n<p>V\u00e5rens f\u00f6rsta period startar v 3. Varje kurssteg best\u00e5r av \u00e5tta lektioner, kursavgift 1.830 kr.<\/p>\n\n\n\n<p>P\u00e5 Gymnastik \u2013 speed\/grundtr\u00e4ning \u00e4ldre\/forts\u00e4ttning\/avancerad g\u00e5r kurserna terminsvis, kursstart v 3.<\/p>\n\n\n\n<p>En termin best\u00e5r av 16 lektioner, kursavgift 3.670 kr (lektioner om 45 min, 3.510 kr).<\/p>\n\n\n\n<p>You can find more information about all our courses for children under the links on the right.<\/p>\n\n\n\n<h4 class=\"wp-block-heading\">If you are unsure about choosing a course<\/h4>\n\n\n\n<p>Fill in information about your child below and we will help you choose the right one.<\/p>","protected":false},"excerpt":{"rendered":"<p>Vi har 8 olika kurser f\u00f6r barn f\u00f6dda 2006-2020. Vi v\u00e4lkomnar barn f\u00f6dda 2010-2020 utan f\u00f6rkunskaper, men har ocks\u00e5 kurser f\u00f6r barn f\u00f6dda 2006-2015 med tidigare gymnastikerfarenhet.<\/p>","protected":false},"author":140,"featured_media":329,"parent":0,"menu_order":22,"comment_status":"closed","ping_status":"closed","template":"","meta":{"_acf_changed":false,"footnotes":""},"categories":[16],"tags":[],"sidmall":[],"wf_page_folders":[],"class_list":["post-5","page","type-page","status-publish","has-post-thumbnail","hentry","category-service-och-information"],"acf":[],"_links":{"self":[{"href":"https:\/\/lidingo.jonasmelchersonlab.se\/en\/wp-json\/wp\/v2\/pages\/5","targetHints":{"allow":["GET"]}}],"collection":[{"href":"https:\/\/lidingo.jonasmelchersonlab.se\/en\/wp-json\/wp\/v2\/pages"}],"about":[{"href":"https:\/\/lidingo.jonasmelchersonlab.se\/en\/wp-json\/wp\/v2\/types\/page"}],"author":[{"embeddable":true,"href":"https:\/\/lidingo.jonasmelchersonlab.se\/en\/wp-json\/wp\/v2\/users\/140"}],"replies":[{"embeddable":true,"href":"https:\/\/lidingo.jonasmelchersonlab.se\/en\/wp-json\/wp\/v2\/comments?post=5"}],"version-history":[{"count":2,"href":"https:\/\/lidingo.jonasmelchersonlab.se\/en\/wp-json\/wp\/v2\/pages\/5\/revisions"}],"predecessor-version":[{"id":13580,"href":"https:\/\/lidingo.jonasmelchersonlab.se\/en\/wp-json\/wp\/v2\/pages\/5\/revisions\/13580"}],"wp:featuredmedia":[{"embeddable":true,"href":"https:\/\/lidingo.jonasmelchersonlab.se\/en\/wp-json\/wp\/v2\/media\/329"}],"wp:attachment":[{"href":"https:\/\/lidingo.jonasmelchersonlab.se\/en\/wp-json\/wp\/v2\/media?parent=5"}],"wp:term":[{"taxonomy":"category","embeddable":true,"href":"https:\/\/lidingo.jonasmelchersonlab.se\/en\/wp-json\/wp\/v2\/categories?post=5"},{"taxonomy":"post_tag","embeddable":true,"href":"https:\/\/lidingo.jonasmelchersonlab.se\/en\/wp-json\/wp\/v2\/tags?post=5"},{"taxonomy":"sidmall","embeddable":true,"href":"https:\/\/lidingo.jonasmelchersonlab.se\/en\/wp-json\/wp\/v2\/sidmall?post=5"},{"taxonomy":"wf_page_folders","embeddable":true,"href":"https:\/\/lidingo.jonasmelchersonlab.se\/en\/wp-json\/wp\/v2\/wf_page_folders?post=5"}],"curies":[{"name":"wp","href":"https:\/\/api.w.org\/{rel}","templated":true}]}}