{"id":4735,"date":"2018-03-24T18:32:05","date_gmt":"2018-03-24T18:32:05","guid":{"rendered":"\/?page_id=4735"},"modified":"2018-03-24T18:33:48","modified_gmt":"2018-03-24T18:33:48","slug":"jag-sjalv-lapp-sova","status":"publish","type":"page","link":"https:\/\/lidingo.jonasmelchersonlab.se\/en\/jag-sjalv-lapp-sova\/","title":{"rendered":"Jag-sj\u00e4lv-lapp Dalarna"},"content":{"rendered":"<p>[contact-form-7 id=&#8221;4734&#8243; title=&#8221;Jag-Sj\u00e4lv-Lapp Soval\u00e4ger sommar v 26&#8243;]<\/p>","protected":false},"excerpt":{"rendered":"<p>[contact-form-7 id=&#8221;4734&#8243; title=&#8221;Jag-Sj\u00e4lv-Lapp Soval\u00e4ger sommar v 26&#8243;]<\/p>","protected":false},"author":140,"featured_media":0,"parent":0,"menu_order":26,"comment_status":"closed","ping_status":"closed","template":"","meta":{"_acf_changed":false,"footnotes":""},"categories":[8],"tags":[],"sidmall":[],"wf_page_folders":[],"class_list":["post-4735","page","type-page","status-publish","hentry","category-lager"],"acf":[],"_links":{"self":[{"href":"https:\/\/lidingo.jonasmelchersonlab.se\/en\/wp-json\/wp\/v2\/pages\/4735","targetHints":{"allow":["GET"]}}],"collection":[{"href":"https:\/\/lidingo.jonasmelchersonlab.se\/en\/wp-json\/wp\/v2\/pages"}],"about":[{"href":"https:\/\/lidingo.jonasmelchersonlab.se\/en\/wp-json\/wp\/v2\/types\/page"}],"author":[{"embeddable":true,"href":"https:\/\/lidingo.jonasmelchersonlab.se\/en\/wp-json\/wp\/v2\/users\/140"}],"replies":[{"embeddable":true,"href":"https:\/\/lidingo.jonasmelchersonlab.se\/en\/wp-json\/wp\/v2\/comments?post=4735"}],"version-history":[{"count":0,"href":"https:\/\/lidingo.jonasmelchersonlab.se\/en\/wp-json\/wp\/v2\/pages\/4735\/revisions"}],"wp:attachment":[{"href":"https:\/\/lidingo.jonasmelchersonlab.se\/en\/wp-json\/wp\/v2\/media?parent=4735"}],"wp:term":[{"taxonomy":"category","embeddable":true,"href":"https:\/\/lidingo.jonasmelchersonlab.se\/en\/wp-json\/wp\/v2\/categories?post=4735"},{"taxonomy":"post_tag","embeddable":true,"href":"https:\/\/lidingo.jonasmelchersonlab.se\/en\/wp-json\/wp\/v2\/tags?post=4735"},{"taxonomy":"sidmall","embeddable":true,"href":"https:\/\/lidingo.jonasmelchersonlab.se\/en\/wp-json\/wp\/v2\/sidmall?post=4735"},{"taxonomy":"wf_page_folders","embeddable":true,"href":"https:\/\/lidingo.jonasmelchersonlab.se\/en\/wp-json\/wp\/v2\/wf_page_folders?post=4735"}],"curies":[{"name":"wp","href":"https:\/\/api.w.org\/{rel}","templated":true}]}}