{"id":4545,"date":"2018-01-04T09:33:36","date_gmt":"2018-01-04T09:33:36","guid":{"rendered":"\/?page_id=4545"},"modified":"2018-01-04T09:33:36","modified_gmt":"2018-01-04T09:33:36","slug":"jag-sjalv-lapp-daglager-sommar-v-26","status":"publish","type":"page","link":"https:\/\/lidingo.jonasmelchersonlab.se\/en\/jag-sjalv-lapp-daglager-sommar-v-26\/","title":{"rendered":"Jag-Sj\u00e4lv-Lapp Dagl\u00e4ger sommar v 26"},"content":{"rendered":"<p>[contact-form-7 id=&#8221;4544&#8243; title=&#8221;Jag-Sj\u00e4lv-Lapp Dagl\u00e4ger sommar v 26&#8243;]<\/p>","protected":false},"excerpt":{"rendered":"<p>[contact-form-7 id=&#8221;4544&#8243; title=&#8221;Jag-Sj\u00e4lv-Lapp Dagl\u00e4ger sommar v 26&#8243;]<\/p>","protected":false},"author":140,"featured_media":0,"parent":0,"menu_order":25,"comment_status":"closed","ping_status":"closed","template":"","meta":{"_acf_changed":false,"footnotes":""},"categories":[8],"tags":[],"sidmall":[],"wf_page_folders":[],"class_list":["post-4545","page","type-page","status-publish","hentry","category-lager"],"acf":[],"_links":{"self":[{"href":"https:\/\/lidingo.jonasmelchersonlab.se\/en\/wp-json\/wp\/v2\/pages\/4545","targetHints":{"allow":["GET"]}}],"collection":[{"href":"https:\/\/lidingo.jonasmelchersonlab.se\/en\/wp-json\/wp\/v2\/pages"}],"about":[{"href":"https:\/\/lidingo.jonasmelchersonlab.se\/en\/wp-json\/wp\/v2\/types\/page"}],"author":[{"embeddable":true,"href":"https:\/\/lidingo.jonasmelchersonlab.se\/en\/wp-json\/wp\/v2\/users\/140"}],"replies":[{"embeddable":true,"href":"https:\/\/lidingo.jonasmelchersonlab.se\/en\/wp-json\/wp\/v2\/comments?post=4545"}],"version-history":[{"count":0,"href":"https:\/\/lidingo.jonasmelchersonlab.se\/en\/wp-json\/wp\/v2\/pages\/4545\/revisions"}],"wp:attachment":[{"href":"https:\/\/lidingo.jonasmelchersonlab.se\/en\/wp-json\/wp\/v2\/media?parent=4545"}],"wp:term":[{"taxonomy":"category","embeddable":true,"href":"https:\/\/lidingo.jonasmelchersonlab.se\/en\/wp-json\/wp\/v2\/categories?post=4545"},{"taxonomy":"post_tag","embeddable":true,"href":"https:\/\/lidingo.jonasmelchersonlab.se\/en\/wp-json\/wp\/v2\/tags?post=4545"},{"taxonomy":"sidmall","embeddable":true,"href":"https:\/\/lidingo.jonasmelchersonlab.se\/en\/wp-json\/wp\/v2\/sidmall?post=4545"},{"taxonomy":"wf_page_folders","embeddable":true,"href":"https:\/\/lidingo.jonasmelchersonlab.se\/en\/wp-json\/wp\/v2\/wf_page_folders?post=4545"}],"curies":[{"name":"wp","href":"https:\/\/api.w.org\/{rel}","templated":true}]}}