{"id":4535,"date":"2018-01-02T15:58:27","date_gmt":"2018-01-02T15:58:27","guid":{"rendered":"\/?page_id=4535"},"modified":"2018-01-02T15:58:27","modified_gmt":"2018-01-02T15:58:27","slug":"jag-sjalv-lapp-sportlovslager-v-9","status":"publish","type":"page","link":"https:\/\/lidingo.jonasmelchersonlab.se\/en\/jag-sjalv-lapp-sportlovslager-v-9\/","title":{"rendered":"Jag-Sj\u00e4lv-Lapp Sportlovsl\u00e4ger v 9"},"content":{"rendered":"<p>[contact-form-7 id=&#8221;4532&#8243; title=&#8221;Jag-Sj\u00e4lv-Lapp Sportlovsl\u00e4ger v 9&#8243;]<\/p>","protected":false},"excerpt":{"rendered":"<p>[contact-form-7 id=&#8221;4532&#8243; title=&#8221;Jag-Sj\u00e4lv-Lapp Sportlovsl\u00e4ger v 9&#8243;]<\/p>","protected":false},"author":140,"featured_media":0,"parent":0,"menu_order":27,"comment_status":"closed","ping_status":"closed","template":"","meta":{"_acf_changed":false,"footnotes":""},"categories":[8],"tags":[],"sidmall":[],"wf_page_folders":[],"class_list":["post-4535","page","type-page","status-publish","hentry","category-lager"],"acf":[],"_links":{"self":[{"href":"https:\/\/lidingo.jonasmelchersonlab.se\/en\/wp-json\/wp\/v2\/pages\/4535","targetHints":{"allow":["GET"]}}],"collection":[{"href":"https:\/\/lidingo.jonasmelchersonlab.se\/en\/wp-json\/wp\/v2\/pages"}],"about":[{"href":"https:\/\/lidingo.jonasmelchersonlab.se\/en\/wp-json\/wp\/v2\/types\/page"}],"author":[{"embeddable":true,"href":"https:\/\/lidingo.jonasmelchersonlab.se\/en\/wp-json\/wp\/v2\/users\/140"}],"replies":[{"embeddable":true,"href":"https:\/\/lidingo.jonasmelchersonlab.se\/en\/wp-json\/wp\/v2\/comments?post=4535"}],"version-history":[{"count":0,"href":"https:\/\/lidingo.jonasmelchersonlab.se\/en\/wp-json\/wp\/v2\/pages\/4535\/revisions"}],"wp:attachment":[{"href":"https:\/\/lidingo.jonasmelchersonlab.se\/en\/wp-json\/wp\/v2\/media?parent=4535"}],"wp:term":[{"taxonomy":"category","embeddable":true,"href":"https:\/\/lidingo.jonasmelchersonlab.se\/en\/wp-json\/wp\/v2\/categories?post=4535"},{"taxonomy":"post_tag","embeddable":true,"href":"https:\/\/lidingo.jonasmelchersonlab.se\/en\/wp-json\/wp\/v2\/tags?post=4535"},{"taxonomy":"sidmall","embeddable":true,"href":"https:\/\/lidingo.jonasmelchersonlab.se\/en\/wp-json\/wp\/v2\/sidmall?post=4535"},{"taxonomy":"wf_page_folders","embeddable":true,"href":"https:\/\/lidingo.jonasmelchersonlab.se\/en\/wp-json\/wp\/v2\/wf_page_folders?post=4535"}],"curies":[{"name":"wp","href":"https:\/\/api.w.org\/{rel}","templated":true}]}}