{"id":44,"date":"2010-04-27T13:13:56","date_gmt":"2010-04-27T13:13:56","guid":{"rendered":"\/?page_id=44"},"modified":"2025-09-12T14:10:05","modified_gmt":"2025-09-12T14:10:05","slug":"om-barnens-gymnastikskola","status":"publish","type":"page","link":"https:\/\/lidingo.jonasmelchersonlab.se\/en\/om-barnens-gymnastikskola\/","title":{"rendered":"Om Barnens Gymnastikskola"},"content":{"rendered":"<p>Liding\u00f6 Gymnastikskola startades h\u00f6sten 2003 av Mia Eriksson Holst och Sara Bargholtz Melcherson. B\u00e5da med m\u00e5ng\u00e5rig och bred erfarenhet inom gymnastikv\u00e4rlden, bl a som gymnastiktr\u00e4nare p\u00e5 b\u00e5de bredd- och elitniv\u00e5 under 17 \u00e5rs tid i Gymnastiktruppen Vikingarna. Men ocks\u00e5 som utbildare p\u00e5 Gymnastikf\u00f6rbundet, domare och arrang\u00f6rer av stora gymnastikl\u00e4ger b\u00e5de i Sverige och utomlands.<\/p>\n<p>N\u00e4r de b\u00e5da fick egna barn f\u00f6ddes intresset f\u00f6r mindre barns motoriska utveckling och id\u00e9n om att erbjuda en h\u00f6gkvalitativ tr\u00e4ning utan t\u00e4vlingsinriktning. Liding\u00f6 Gymnastikskola erbjuder sm\u00e5, ledart\u00e4ta grupper i sn\u00e4va \u00e5ldersintervall. Med v\u00e4lutbildade pedagoger med kompetens om motorisk utveckling och gymnastikteknik, s\u00e5 v\u00e4l som barnets allm\u00e4nna inl\u00e4rning vill vi inte bara tr\u00e4na barnets motorik och utveckla dem gymnastikm\u00e4ssigt, utan v\u00e5r ambition \u00e4r ocks\u00e5 att \u00f6ka den allm\u00e4nna inl\u00e4rningen och st\u00e4rka barnets sj\u00e4lvk\u00e4nsla genom reflektion och personlig utveckling.<\/p>\n<p>V\u00e5ra kurser i barngymnastik \u00e4r manualstyrda f\u00f6r att vi ska kunna s\u00e4kerst\u00e4lla att vi levererar samma h\u00f6ga kvalitet p\u00e5 alla v\u00e5ra kurser och v\u00e5ra pedagoger genomg\u00e5r varje \u00e5r minst tolv obligatoriska utbildningsdagar. Vi arbetar efter en stark v\u00e4rdegrund d\u00e4r vi med brinnande engagemang och h\u00f6g kompetens ser varje barn och dess behov oavsett om det \u00e4r det lilla barnet som tr\u00e4nar p\u00e5 de grovmotoriska grundformerna eller en tolv\u00e5ring som \u00e4lskar handvolter, och vill ha de b\u00e4sta tr\u00e4narna, men inte \u00f6nskar t\u00e4vla.<\/p>\n<p>Liding\u00f6 Gymnastikskola har idag drygt 900 barn i 65 olika grupper varje vecka b\u00e5de p\u00e5 Liding\u00f6 och G\u00e4rdet i Stockholm. Vi har ocks\u00e5 en stor l\u00e4gerverksamhet under skolloven, n\u00e5got som vi \u00e4lskar att arrangera.<\/p>\n<p>Vi har m\u00e5nga passioner ut\u00f6ver barngymnastiken. Redan 2006 b\u00f6rjade vi h\u00e5lla kurser i yoga, och sedan 2011 st\u00e5r verksamheten p\u00e5 egna ben under namnet Liding\u00f6 Pilates &amp; Yoga Center. D\u00e4r finns m\u00f6jlighet f\u00f6r b\u00e5de stora som sm\u00e5 att tr\u00e4na genuin yoga och Pilates samt massor av olika sp\u00e4nnande Workshops och f\u00f6rel\u00e4sningar. Vi ger \u00e4ven skr\u00e4ddarsydda kurser i dykning samt HLR. D\u00e4rf\u00f6r \u00e4r Liding\u00f6 s\u00e5 mycket mer \u00e4n bara barngymnastik. H\u00e4lsa Tr\u00e4ning Gl\u00e4dje f\u00f6r hela familjen.<\/p>\n\n\n<p><\/p>","protected":false},"excerpt":{"rendered":"<p>Liding\u00f6 Gymnastikskola startades h\u00f6sten 2003 av Mia Eriksson Holst och Sara Bargholtz Melcherson. B\u00e5da med m\u00e5ng\u00e5rig och bred erfarenhet inom gymnastikv\u00e4rlden, bl a som gymnastiktr\u00e4nare p\u00e5 b\u00e5de bredd- och elitniv\u00e5 under 17 \u00e5rs tid i Gymnastiktruppen Vikingarna. Men ocks\u00e5 som utbildare p\u00e5 Gymnastikf\u00f6rbundet, domare och arrang\u00f6rer av stora gymnastikl\u00e4ger b\u00e5de i Sverige och utomlands. N\u00e4r [&hellip;]<\/p>","protected":false},"author":140,"featured_media":0,"parent":0,"menu_order":10,"comment_status":"closed","ping_status":"closed","template":"","meta":{"_acf_changed":false,"footnotes":""},"categories":[261],"tags":[],"sidmall":[254],"wf_page_folders":[],"class_list":["post-44","page","type-page","status-publish","hentry","category-om-oss","sidmall-ingen-bild"],"acf":[],"_links":{"self":[{"href":"https:\/\/lidingo.jonasmelchersonlab.se\/en\/wp-json\/wp\/v2\/pages\/44","targetHints":{"allow":["GET"]}}],"collection":[{"href":"https:\/\/lidingo.jonasmelchersonlab.se\/en\/wp-json\/wp\/v2\/pages"}],"about":[{"href":"https:\/\/lidingo.jonasmelchersonlab.se\/en\/wp-json\/wp\/v2\/types\/page"}],"author":[{"embeddable":true,"href":"https:\/\/lidingo.jonasmelchersonlab.se\/en\/wp-json\/wp\/v2\/users\/140"}],"replies":[{"embeddable":true,"href":"https:\/\/lidingo.jonasmelchersonlab.se\/en\/wp-json\/wp\/v2\/comments?post=44"}],"version-history":[{"count":3,"href":"https:\/\/lidingo.jonasmelchersonlab.se\/en\/wp-json\/wp\/v2\/pages\/44\/revisions"}],"predecessor-version":[{"id":13252,"href":"https:\/\/lidingo.jonasmelchersonlab.se\/en\/wp-json\/wp\/v2\/pages\/44\/revisions\/13252"}],"wp:attachment":[{"href":"https:\/\/lidingo.jonasmelchersonlab.se\/en\/wp-json\/wp\/v2\/media?parent=44"}],"wp:term":[{"taxonomy":"category","embeddable":true,"href":"https:\/\/lidingo.jonasmelchersonlab.se\/en\/wp-json\/wp\/v2\/categories?post=44"},{"taxonomy":"post_tag","embeddable":true,"href":"https:\/\/lidingo.jonasmelchersonlab.se\/en\/wp-json\/wp\/v2\/tags?post=44"},{"taxonomy":"sidmall","embeddable":true,"href":"https:\/\/lidingo.jonasmelchersonlab.se\/en\/wp-json\/wp\/v2\/sidmall?post=44"},{"taxonomy":"wf_page_folders","embeddable":true,"href":"https:\/\/lidingo.jonasmelchersonlab.se\/en\/wp-json\/wp\/v2\/wf_page_folders?post=44"}],"curies":[{"name":"wp","href":"https:\/\/api.w.org\/{rel}","templated":true}]}}