{"id":2821,"date":"2016-09-29T13:41:15","date_gmt":"2016-09-29T13:41:15","guid":{"rendered":"\/?page_id=2821"},"modified":"2021-07-22T14:44:19","modified_gmt":"2021-07-22T14:44:19","slug":"valkommen-till-lidingo-gymnastikskola","status":"publish","type":"page","link":"https:\/\/lidingo.jonasmelchersonlab.se\/en\/valkommen-till-lidingo-gymnastikskola\/","title":{"rendered":"Welcome to Liding\u00f6 Gymnastics School"},"content":{"rendered":"<p>In our children&#039;s gymnastics courses, we train children&#039;s motor skills based on the basics of gymnastics while giving them an outlet for their joy of movement. We have small groups with several educators to be able to give all children in the group attention and individual support in their development.<\/p>\n<p>Gymnastics classes are available for children between 10 months and 15 years old, and there are different levels depending on age, interest and how long the child has been with us. Our teachers are all trained in children&#039;s gymnastics and have a long background in various sports. <a href=\"\/sv\/om-lidingo-gymnastikskola\/om\/vara-pedagoger\/\">Read more about our educators<\/a>.<\/p>\n<p>We also have gymnastics for children aged 10-18 months.\u00a0<a href=\"\/sv\/kurser-for-barn\/pyttegymnastik\/\">Read more about the course<\/a>.<\/p>\n<p><a href=\"\/en\/schema\/\">All our courses and locations<\/a><\/p>\n<p><a href=\"\/sv\/om-lidingo-gymnastikskola\/\">More about our business<\/a><\/p>\n<p><img fetchpriority=\"high\" decoding=\"async\" width=\"1192\" height=\"664\" class=\"alignnone wp-image-1431 size-full\" title=\"Liding\u00f6 Gymnastics School 2013\" src=\"https:\/\/lidingo.jonasmelchersonlab.se\/wp-content\/uploads\/sites\/4\/2013\/04\/Collage-2013.jpg\" srcset=\"https:\/\/lidingo.jonasmelchersonlab.se\/wp-content\/uploads\/sites\/4\/2013\/04\/Collage-2013.jpg 1192w, https:\/\/lidingo.jonasmelchersonlab.se\/wp-content\/uploads\/sites\/4\/2013\/04\/Collage-2013-600x334.jpg 600w, https:\/\/lidingo.jonasmelchersonlab.se\/wp-content\/uploads\/sites\/4\/2013\/04\/Collage-2013-300x167.jpg 300w, https:\/\/lidingo.jonasmelchersonlab.se\/wp-content\/uploads\/sites\/4\/2013\/04\/Collage-2013-768x428.jpg 768w, https:\/\/lidingo.jonasmelchersonlab.se\/wp-content\/uploads\/sites\/4\/2013\/04\/Collage-2013-1024x570.jpg 1024w\" sizes=\"(max-width: 1192px) 100vw, 1192px\" \/><\/p>","protected":false},"excerpt":{"rendered":"<p>P\u00e5 v\u00e5ra barngymnastikkurser tr\u00e4nar vi barnens motorik med utg\u00e5ng fr\u00e5n gymnastikens grunder samtidigt som de f\u00e5r utlopp f\u00f6r sin r\u00f6relsegl\u00e4dje. Vi har sm\u00e5 grupper med flera pedagoger f\u00f6r att kunna ge alla barn i gruppen uppm\u00e4rksamhet och individuellt st\u00f6d i utvecklingen. Gymnastikkurser finns f\u00f6r barn mellan 10 m\u00e5nader och 15 \u00e5r, och det finns olika [&hellip;]<\/p>","protected":false},"author":1,"featured_media":2822,"parent":0,"menu_order":43,"comment_status":"closed","ping_status":"closed","template":"","meta":{"_acf_changed":false,"footnotes":""},"categories":[],"tags":[],"sidmall":[],"wf_page_folders":[],"class_list":["post-2821","page","type-page","status-publish","has-post-thumbnail","hentry"],"acf":[],"_links":{"self":[{"href":"https:\/\/lidingo.jonasmelchersonlab.se\/en\/wp-json\/wp\/v2\/pages\/2821","targetHints":{"allow":["GET"]}}],"collection":[{"href":"https:\/\/lidingo.jonasmelchersonlab.se\/en\/wp-json\/wp\/v2\/pages"}],"about":[{"href":"https:\/\/lidingo.jonasmelchersonlab.se\/en\/wp-json\/wp\/v2\/types\/page"}],"author":[{"embeddable":true,"href":"https:\/\/lidingo.jonasmelchersonlab.se\/en\/wp-json\/wp\/v2\/users\/1"}],"replies":[{"embeddable":true,"href":"https:\/\/lidingo.jonasmelchersonlab.se\/en\/wp-json\/wp\/v2\/comments?post=2821"}],"version-history":[{"count":0,"href":"https:\/\/lidingo.jonasmelchersonlab.se\/en\/wp-json\/wp\/v2\/pages\/2821\/revisions"}],"wp:featuredmedia":[{"embeddable":true,"href":"https:\/\/lidingo.jonasmelchersonlab.se\/en\/wp-json\/wp\/v2\/media\/2822"}],"wp:attachment":[{"href":"https:\/\/lidingo.jonasmelchersonlab.se\/en\/wp-json\/wp\/v2\/media?parent=2821"}],"wp:term":[{"taxonomy":"category","embeddable":true,"href":"https:\/\/lidingo.jonasmelchersonlab.se\/en\/wp-json\/wp\/v2\/categories?post=2821"},{"taxonomy":"post_tag","embeddable":true,"href":"https:\/\/lidingo.jonasmelchersonlab.se\/en\/wp-json\/wp\/v2\/tags?post=2821"},{"taxonomy":"sidmall","embeddable":true,"href":"https:\/\/lidingo.jonasmelchersonlab.se\/en\/wp-json\/wp\/v2\/sidmall?post=2821"},{"taxonomy":"wf_page_folders","embeddable":true,"href":"https:\/\/lidingo.jonasmelchersonlab.se\/en\/wp-json\/wp\/v2\/wf_page_folders?post=2821"}],"curies":[{"name":"wp","href":"https:\/\/api.w.org\/{rel}","templated":true}]}}