{"id":21,"date":"2010-04-27T09:14:49","date_gmt":"2010-04-27T09:14:49","guid":{"rendered":"\/?page_id=21"},"modified":"2025-09-12T14:10:06","modified_gmt":"2025-09-12T14:10:06","slug":"kontakt","status":"publish","type":"page","link":"https:\/\/lidingo.jonasmelchersonlab.se\/en\/om-barnens-gymnastikskola\/kontakt\/","title":{"rendered":"Contact Us"},"content":{"rendered":"<div data-elementor-type=\"wp-page\" data-elementor-id=\"21\" class=\"elementor elementor-21\" data-elementor-settings=\"{&quot;element_pack_global_tooltip_width&quot;:{&quot;unit&quot;:&quot;px&quot;,&quot;size&quot;:&quot;&quot;,&quot;sizes&quot;:[]},&quot;element_pack_global_tooltip_width_widescreen&quot;:{&quot;unit&quot;:&quot;px&quot;,&quot;size&quot;:&quot;&quot;,&quot;sizes&quot;:[]},&quot;element_pack_global_tooltip_width_tablet&quot;:{&quot;unit&quot;:&quot;px&quot;,&quot;size&quot;:&quot;&quot;,&quot;sizes&quot;:[]},&quot;element_pack_global_tooltip_width_mobile&quot;:{&quot;unit&quot;:&quot;px&quot;,&quot;size&quot;:&quot;&quot;,&quot;sizes&quot;:[]},&quot;element_pack_global_tooltip_padding&quot;:{&quot;unit&quot;:&quot;px&quot;,&quot;top&quot;:&quot;&quot;,&quot;right&quot;:&quot;&quot;,&quot;bottom&quot;:&quot;&quot;,&quot;left&quot;:&quot;&quot;,&quot;isLinked&quot;:true},&quot;element_pack_global_tooltip_padding_widescreen&quot;:{&quot;unit&quot;:&quot;px&quot;,&quot;top&quot;:&quot;&quot;,&quot;right&quot;:&quot;&quot;,&quot;bottom&quot;:&quot;&quot;,&quot;left&quot;:&quot;&quot;,&quot;isLinked&quot;:true},&quot;element_pack_global_tooltip_padding_tablet&quot;:{&quot;unit&quot;:&quot;px&quot;,&quot;top&quot;:&quot;&quot;,&quot;right&quot;:&quot;&quot;,&quot;bottom&quot;:&quot;&quot;,&quot;left&quot;:&quot;&quot;,&quot;isLinked&quot;:true},&quot;element_pack_global_tooltip_padding_mobile&quot;:{&quot;unit&quot;:&quot;px&quot;,&quot;top&quot;:&quot;&quot;,&quot;right&quot;:&quot;&quot;,&quot;bottom&quot;:&quot;&quot;,&quot;left&quot;:&quot;&quot;,&quot;isLinked&quot;:true},&quot;element_pack_global_tooltip_border_radius&quot;:{&quot;unit&quot;:&quot;px&quot;,&quot;top&quot;:&quot;&quot;,&quot;right&quot;:&quot;&quot;,&quot;bottom&quot;:&quot;&quot;,&quot;left&quot;:&quot;&quot;,&quot;isLinked&quot;:true},&quot;element_pack_global_tooltip_border_radius_widescreen&quot;:{&quot;unit&quot;:&quot;px&quot;,&quot;top&quot;:&quot;&quot;,&quot;right&quot;:&quot;&quot;,&quot;bottom&quot;:&quot;&quot;,&quot;left&quot;:&quot;&quot;,&quot;isLinked&quot;:true},&quot;element_pack_global_tooltip_border_radius_tablet&quot;:{&quot;unit&quot;:&quot;px&quot;,&quot;top&quot;:&quot;&quot;,&quot;right&quot;:&quot;&quot;,&quot;bottom&quot;:&quot;&quot;,&quot;left&quot;:&quot;&quot;,&quot;isLinked&quot;:true},&quot;element_pack_global_tooltip_border_radius_mobile&quot;:{&quot;unit&quot;:&quot;px&quot;,&quot;top&quot;:&quot;&quot;,&quot;right&quot;:&quot;&quot;,&quot;bottom&quot;:&quot;&quot;,&quot;left&quot;:&quot;&quot;,&quot;isLinked&quot;:true}}\" data-elementor-post-type=\"page\">\n\t\t\t\t<div class=\"elementor-element elementor-element-637cbd7c e-flex e-con-boxed e-con e-parent\" data-id=\"637cbd7c\" data-element_type=\"container\">\n\t\t\t\t\t<div class=\"e-con-inner\">\n\t\t\t\t<div class=\"elementor-element elementor-element-766b36f3 elementor-widget elementor-widget-text-editor\" data-id=\"766b36f3\" data-element_type=\"widget\" data-widget_type=\"text-editor.default\">\n\t\t\t\t\t\t\t\t\t<h3 style=\"text-align: left;\">E-mail:<\/h3><p><a href=\"mailto:info@lidingogymnastikskola.se\">info@lidingogymnastikskola.se<\/a><\/p><h3 style=\"text-align: left;\">Phone:<\/h3><p>08-<span style=\"display: none;\">&#8211;<\/span>765 49 00<\/p><h3 style=\"text-align: left;\">Address:<\/h3><p>Liding\u00f6 Gymnastics School<br \/>Torsviksv\u00e4ngen 6<br \/>181 34 Liding\u00f6<\/p><p>We are on site daily, but please give us a call before your visit!<\/p><h3 style=\"text-align: left;\">Bankgiro number:<\/h3><p>5649-7019<\/p>\t\t\t\t\t\t\t\t<\/div>\n\t\t\t\t\t<\/div>\n\t\t\t\t<\/div>\n\t\t\t\t<\/div>","protected":false},"excerpt":{"rendered":"<p>E-post: info@lidingogymnastikskola.se Telefon: 08&#8211;765 49 00 Adress: Liding\u00f6 GymnastikskolaTorsvikssv\u00e4ngen 6181 34 Liding\u00f6 Vi finns p\u00e5 plats dagligen, men sl\u00e5 en signal f\u00f6re bes\u00f6ket! Bankgiro-nr: 5649-7019<\/p>","protected":false},"author":140,"featured_media":0,"parent":44,"menu_order":34,"comment_status":"open","ping_status":"closed","template":"","meta":{"_acf_changed":false,"footnotes":""},"categories":[261],"tags":[],"sidmall":[],"wf_page_folders":[],"class_list":["post-21","page","type-page","status-publish","hentry","category-om-oss"],"acf":[],"_links":{"self":[{"href":"https:\/\/lidingo.jonasmelchersonlab.se\/en\/wp-json\/wp\/v2\/pages\/21","targetHints":{"allow":["GET"]}}],"collection":[{"href":"https:\/\/lidingo.jonasmelchersonlab.se\/en\/wp-json\/wp\/v2\/pages"}],"about":[{"href":"https:\/\/lidingo.jonasmelchersonlab.se\/en\/wp-json\/wp\/v2\/types\/page"}],"author":[{"embeddable":true,"href":"https:\/\/lidingo.jonasmelchersonlab.se\/en\/wp-json\/wp\/v2\/users\/140"}],"replies":[{"embeddable":true,"href":"https:\/\/lidingo.jonasmelchersonlab.se\/en\/wp-json\/wp\/v2\/comments?post=21"}],"version-history":[{"count":1,"href":"https:\/\/lidingo.jonasmelchersonlab.se\/en\/wp-json\/wp\/v2\/pages\/21\/revisions"}],"predecessor-version":[{"id":13114,"href":"https:\/\/lidingo.jonasmelchersonlab.se\/en\/wp-json\/wp\/v2\/pages\/21\/revisions\/13114"}],"up":[{"embeddable":true,"href":"https:\/\/lidingo.jonasmelchersonlab.se\/en\/wp-json\/wp\/v2\/pages\/44"}],"wp:attachment":[{"href":"https:\/\/lidingo.jonasmelchersonlab.se\/en\/wp-json\/wp\/v2\/media?parent=21"}],"wp:term":[{"taxonomy":"category","embeddable":true,"href":"https:\/\/lidingo.jonasmelchersonlab.se\/en\/wp-json\/wp\/v2\/categories?post=21"},{"taxonomy":"post_tag","embeddable":true,"href":"https:\/\/lidingo.jonasmelchersonlab.se\/en\/wp-json\/wp\/v2\/tags?post=21"},{"taxonomy":"sidmall","embeddable":true,"href":"https:\/\/lidingo.jonasmelchersonlab.se\/en\/wp-json\/wp\/v2\/sidmall?post=21"},{"taxonomy":"wf_page_folders","embeddable":true,"href":"https:\/\/lidingo.jonasmelchersonlab.se\/en\/wp-json\/wp\/v2\/wf_page_folders?post=21"}],"curies":[{"name":"wp","href":"https:\/\/api.w.org\/{rel}","templated":true}]}}