{"id":203,"date":"2010-09-01T20:41:19","date_gmt":"2010-09-01T20:41:19","guid":{"rendered":"\/"},"modified":"2025-12-02T13:44:53","modified_gmt":"2025-12-02T13:44:53","slug":"vara-lokaler","status":"publish","type":"page","link":"https:\/\/lidingo.jonasmelchersonlab.se\/en\/om-barnens-gymnastikskola\/om\/vara-lokaler\/","title":{"rendered":"Our premises"},"content":{"rendered":"<div data-elementor-type=\"wp-page\" data-elementor-id=\"203\" class=\"elementor elementor-203\" data-elementor-settings=\"{&quot;element_pack_global_tooltip_width&quot;:{&quot;unit&quot;:&quot;px&quot;,&quot;size&quot;:&quot;&quot;,&quot;sizes&quot;:[]},&quot;element_pack_global_tooltip_width_widescreen&quot;:{&quot;unit&quot;:&quot;px&quot;,&quot;size&quot;:&quot;&quot;,&quot;sizes&quot;:[]},&quot;element_pack_global_tooltip_width_tablet&quot;:{&quot;unit&quot;:&quot;px&quot;,&quot;size&quot;:&quot;&quot;,&quot;sizes&quot;:[]},&quot;element_pack_global_tooltip_width_mobile&quot;:{&quot;unit&quot;:&quot;px&quot;,&quot;size&quot;:&quot;&quot;,&quot;sizes&quot;:[]},&quot;element_pack_global_tooltip_padding&quot;:{&quot;unit&quot;:&quot;px&quot;,&quot;top&quot;:&quot;&quot;,&quot;right&quot;:&quot;&quot;,&quot;bottom&quot;:&quot;&quot;,&quot;left&quot;:&quot;&quot;,&quot;isLinked&quot;:true},&quot;element_pack_global_tooltip_padding_widescreen&quot;:{&quot;unit&quot;:&quot;px&quot;,&quot;top&quot;:&quot;&quot;,&quot;right&quot;:&quot;&quot;,&quot;bottom&quot;:&quot;&quot;,&quot;left&quot;:&quot;&quot;,&quot;isLinked&quot;:true},&quot;element_pack_global_tooltip_padding_tablet&quot;:{&quot;unit&quot;:&quot;px&quot;,&quot;top&quot;:&quot;&quot;,&quot;right&quot;:&quot;&quot;,&quot;bottom&quot;:&quot;&quot;,&quot;left&quot;:&quot;&quot;,&quot;isLinked&quot;:true},&quot;element_pack_global_tooltip_padding_mobile&quot;:{&quot;unit&quot;:&quot;px&quot;,&quot;top&quot;:&quot;&quot;,&quot;right&quot;:&quot;&quot;,&quot;bottom&quot;:&quot;&quot;,&quot;left&quot;:&quot;&quot;,&quot;isLinked&quot;:true},&quot;element_pack_global_tooltip_border_radius&quot;:{&quot;unit&quot;:&quot;px&quot;,&quot;top&quot;:&quot;&quot;,&quot;right&quot;:&quot;&quot;,&quot;bottom&quot;:&quot;&quot;,&quot;left&quot;:&quot;&quot;,&quot;isLinked&quot;:true},&quot;element_pack_global_tooltip_border_radius_widescreen&quot;:{&quot;unit&quot;:&quot;px&quot;,&quot;top&quot;:&quot;&quot;,&quot;right&quot;:&quot;&quot;,&quot;bottom&quot;:&quot;&quot;,&quot;left&quot;:&quot;&quot;,&quot;isLinked&quot;:true},&quot;element_pack_global_tooltip_border_radius_tablet&quot;:{&quot;unit&quot;:&quot;px&quot;,&quot;top&quot;:&quot;&quot;,&quot;right&quot;:&quot;&quot;,&quot;bottom&quot;:&quot;&quot;,&quot;left&quot;:&quot;&quot;,&quot;isLinked&quot;:true},&quot;element_pack_global_tooltip_border_radius_mobile&quot;:{&quot;unit&quot;:&quot;px&quot;,&quot;top&quot;:&quot;&quot;,&quot;right&quot;:&quot;&quot;,&quot;bottom&quot;:&quot;&quot;,&quot;left&quot;:&quot;&quot;,&quot;isLinked&quot;:true}}\" data-elementor-post-type=\"page\">\n\t\t\t\t<div class=\"elementor-element elementor-element-38306b5 e-flex e-con-boxed e-con e-parent\" data-id=\"38306b5\" data-element_type=\"container\" data-settings=\"{&quot;background_background&quot;:&quot;classic&quot;}\">\n\t\t\t\t\t<div class=\"e-con-inner\">\n\t\t\t\t<div class=\"elementor-element elementor-element-476fa49 elementor-widget-divider--view-line elementor-widget elementor-widget-divider\" data-id=\"476fa49\" data-element_type=\"widget\" data-widget_type=\"divider.default\">\n\t\t\t\t\t\t\t<div class=\"elementor-divider\">\n\t\t\t<span class=\"elementor-divider-separator\">\n\t\t\t\t\t\t<\/span>\n\t\t<\/div>\n\t\t\t\t\t\t<\/div>\n\t\t\t\t\t<\/div>\n\t\t\t\t<\/div>\n\t\t<div class=\"elementor-element elementor-element-706ed154 e-con-full e-flex e-con e-parent\" data-id=\"706ed154\" data-element_type=\"container\">\n\t\t<div class=\"elementor-element elementor-element-e3675f1 e-con-full e-flex e-con e-child\" data-id=\"e3675f1\" data-element_type=\"container\">\n\t\t\t\t<div class=\"elementor-element elementor-element-452c0cfe elementor-widget elementor-widget-text-editor\" data-id=\"452c0cfe\" data-element_type=\"widget\" data-widget_type=\"text-editor.default\">\n\t\t\t\t\t\t\t\t\t<p><\/p>\n<p><\/p>\n<h2 class=\"wp-block-heading\">Our gymnasiums<\/h2>\n<p><\/p>\n<p><\/p>\n<p><\/p>\t\t\t\t\t\t\t\t<\/div>\n\t\t\t\t<div class=\"elementor-element elementor-element-384fc9d elementor-widget elementor-widget-text-editor\" data-id=\"384fc9d\" data-element_type=\"widget\" data-widget_type=\"text-editor.default\">\n\t\t\t\t\t\t\t\t\t<h4>Torviks f\u00f6rskola<\/h4>\n<p>Torshammarv\u00e4gen 4.<\/p>\n<p>Ing\u00e5ng via baksidan av byggnaden.<\/p>\t\t\t\t\t\t\t\t<\/div>\n\t\t\t\t<div class=\"elementor-element elementor-element-c3ad9be elementor-widget elementor-widget-text-editor\" data-id=\"c3ad9be\" data-element_type=\"widget\" data-widget_type=\"text-editor.default\">\n\t\t\t\t\t\t\t\t\t<h4>Sticklinge school<\/h4>\n<p>Forellbacken 1.<\/p>\t\t\t\t\t\t\t\t<\/div>\n\t\t\t\t<div class=\"elementor-element elementor-element-731ff0a elementor-widget elementor-widget-text-editor\" data-id=\"731ff0a\" data-element_type=\"widget\" data-widget_type=\"text-editor.default\">\n\t\t\t\t\t\t\t\t\t<h4>Set, G\u00e5shaga<\/h4>\n<p>V\u00e4rdhusv\u00e4gen 11<\/p>\t\t\t\t\t\t\t\t<\/div>\n\t\t\t\t<div class=\"elementor-element elementor-element-5ebff63 elementor-widget elementor-widget-text-editor\" data-id=\"5ebff63\" data-element_type=\"widget\" data-widget_type=\"text-editor.default\">\n\t\t\t\t\t\t\t\t\t<h4>Rudboda skola\u00a0<\/h4>\n<p>Nilsstorpsv\u00e4gen 3<\/p>\n<h4>Ansgardskyrkan<\/h4>\n<p>Odenv\u00e4gen 3.<\/p>\n<p>\u00a0<\/p>\t\t\t\t\t\t\t\t<\/div>\n\t\t\t\t<div class=\"elementor-element elementor-element-e0637c7 elementor-widget elementor-widget-text-editor\" data-id=\"e0637c7\" data-element_type=\"widget\" data-widget_type=\"text-editor.default\">\n\t\t\t\t\t\t\t\t\t<h4>GIH (Gymnastik och idrottsh\u00f6gskolan<\/h4>\n<p>Liding\u00f6v\u00e4gen 1<\/p>\n<h4>Olaus Petriskolan, G\u00e4rdet<\/h4>\n<p>Olaus Petrigatan 1<\/p>\n<p>F\u00f6lj gatan till v\u00e4ndplanen, g\u00e5 ner till h\u00f6ger om bakom skolan och g\u00e5 in genom f\u00f6rsta glasd\u00f6rren.<\/p>\t\t\t\t\t\t\t\t<\/div>\n\t\t\t\t<\/div>\n\t\t<div class=\"elementor-element elementor-element-8548e3e e-con-full e-flex e-con e-child\" data-id=\"8548e3e\" data-element_type=\"container\">\n\t\t\t\t<div class=\"elementor-element elementor-element-f615dcd elementor-widget elementor-widget-global elementor-global-11891 elementor-widget-spacer\" data-id=\"f615dcd\" data-element_type=\"widget\" data-widget_type=\"spacer.default\">\n\t\t\t\t\t\t\t<div class=\"elementor-spacer\">\n\t\t\t<div class=\"elementor-spacer-inner\"><\/div>\n\t\t<\/div>\n\t\t\t\t\t\t<\/div>\n\t\t\t\t<div class=\"elementor-element elementor-element-bc5f181 kartboll bdt-icon-type-icon elementor-position-top bdt-icon-effect-none elementor-widget elementor-widget-bdt-advanced-icon-box\" data-id=\"bc5f181\" data-element_type=\"widget\" data-widget_type=\"bdt-advanced-icon-box.default\">\n\t\t\t\t\t\t\t<div class=\"bdt-ep-advanced-icon-box\">\n\n\t\t\t\t\t\t\t\n\t\t\t\t\t<div class=\"bdt-ep-advanced-icon-box-icon\">\n\t\t\t\t<span class=\"bdt-ep-advanced-icon-box-icon-wrap\">\n\n\n\t\t\t\t\t\n\t\t\t\t\t\t<svg aria-hidden=\"true\" class=\"e-font-icon-svg e-far-map\" viewbox=\"0 0 576 512\" xmlns=\"http:\/\/www.w3.org\/2000\/svg\"><path d=\"M560.02 32c-1.96 0-3.98.37-5.96 1.16L384.01 96H384L212 35.28A64.252 64.252 0 0 0 191.76 32c-6.69 0-13.37 1.05-19.81 3.14L20.12 87.95A32.006 32.006 0 0 0 0 117.66v346.32C0 473.17 7.53 480 15.99 480c1.96 0 3.97-.37 5.96-1.16L192 416l172 60.71a63.98 63.98 0 0 0 40.05.15l151.83-52.81A31.996 31.996 0 0 0 576 394.34V48.02c0-9.19-7.53-16.02-15.98-16.02zM224 90.42l128 45.19v285.97l-128-45.19V90.42zM48 418.05V129.07l128-44.53v286.2l-.64.23L48 418.05zm480-35.13l-128 44.53V141.26l.64-.24L528 93.95v288.97z\"><\/path><\/svg>\n\n\t\t\t\t\t\t\t\t\t<\/span>\n\t\t\t<\/div>\n\t\t\n\t\t\t\t\n\t\t\t<div class=\"bdt-ep-advanced-icon-box-content\">\n\n\t\t\t\t\t\t\t\t\t\n\t\t\t\t\t<h4 class=\"bdt-ep-advanced-icon-box-title ep-title-\">\n\t\t\t\t<span >\n\t\t\t\t\tFind the gymnasium\t\t\t\t<\/span>\n\t\t\t<\/h4>\n\t\t\n\n\t\t\n\t\t\t\t\t\n\t\t\t\t\n\t\t\t\t\n\t\t\t\t\t\t\t\t\t<a class=\"bdt-ep-advanced-icon-box-readmore bdt-display-inline-block\" href=\"https:\/\/drive.google.com\/open?id=1eSM7c1x_yA2jYvarw1zHB3cd69E&#038;usp=sharing\" target=\"_blank\" rel=\"nofollow\">\n\t\t\t\t\t\tShow Our premises on a larger map\n\t\t\t\t\t\t\t\t\t\t\t<\/a>\n\t\t\t\t\t\t\t<\/div>\n\t\t<\/div>\n\n\t\t\n\t\t\n\t\t\t\t<\/div>\n\t\t\t\t<\/div>\n\t\t\t\t<\/div>\n\t\t<div class=\"elementor-element elementor-element-1d0a84f e-flex e-con-boxed e-con e-parent\" data-id=\"1d0a84f\" data-element_type=\"container\" data-settings=\"{&quot;background_background&quot;:&quot;classic&quot;}\">\n\t\t\t\t\t<div class=\"e-con-inner\">\n\t\t\t\t<div class=\"elementor-element elementor-element-34ce045 elementor-widget-divider--view-line elementor-widget elementor-widget-divider\" data-id=\"34ce045\" data-element_type=\"widget\" data-widget_type=\"divider.default\">\n\t\t\t\t\t\t\t<div class=\"elementor-divider\">\n\t\t\t<span class=\"elementor-divider-separator\">\n\t\t\t\t\t\t<\/span>\n\t\t<\/div>\n\t\t\t\t\t\t<\/div>\n\t\t\t\t\t<\/div>\n\t\t\t\t<\/div>\n\t\t<div class=\"elementor-element elementor-element-15978f1 e-flex e-con-boxed e-con e-parent\" data-id=\"15978f1\" data-element_type=\"container\">\n\t\t\t\t\t<div class=\"e-con-inner\">\n\t\t\t\t\t<\/div>\n\t\t\t\t<\/div>\n\t\t\t\t<\/div>","protected":false},"excerpt":{"rendered":"<p>V\u00e5ra gymnastiksalar Torviks f\u00f6rskola Torshammarv\u00e4gen 4. Ing\u00e5ng via baksidan av byggnaden. Sticklinge skola Forellbacken 1. Sats, G\u00e5shaga V\u00e4rdhusv\u00e4gen 11 Rudboda skola\u00a0 Nilsstorpsv\u00e4gen 3 Ansgardskyrkan Odenv\u00e4gen 3. \u00a0 GIH (Gymnastik och idrottsh\u00f6gskolan Liding\u00f6v\u00e4gen 1 Olaus Petriskolan, G\u00e4rdet Olaus Petrigatan 1 F\u00f6lj gatan till v\u00e4ndplanen, g\u00e5 ner till h\u00f6ger om bakom skolan och g\u00e5 in genom f\u00f6rsta [&hellip;]<\/p>","protected":false},"author":140,"featured_media":0,"parent":2125,"menu_order":61,"comment_status":"closed","ping_status":"closed","template":"","meta":{"_acf_changed":false,"footnotes":""},"categories":[16],"tags":[],"sidmall":[],"wf_page_folders":[],"class_list":["post-203","page","type-page","status-publish","hentry","category-service-och-information"],"acf":[],"_links":{"self":[{"href":"https:\/\/lidingo.jonasmelchersonlab.se\/en\/wp-json\/wp\/v2\/pages\/203","targetHints":{"allow":["GET"]}}],"collection":[{"href":"https:\/\/lidingo.jonasmelchersonlab.se\/en\/wp-json\/wp\/v2\/pages"}],"about":[{"href":"https:\/\/lidingo.jonasmelchersonlab.se\/en\/wp-json\/wp\/v2\/types\/page"}],"author":[{"embeddable":true,"href":"https:\/\/lidingo.jonasmelchersonlab.se\/en\/wp-json\/wp\/v2\/users\/140"}],"replies":[{"embeddable":true,"href":"https:\/\/lidingo.jonasmelchersonlab.se\/en\/wp-json\/wp\/v2\/comments?post=203"}],"version-history":[{"count":7,"href":"https:\/\/lidingo.jonasmelchersonlab.se\/en\/wp-json\/wp\/v2\/pages\/203\/revisions"}],"predecessor-version":[{"id":13607,"href":"https:\/\/lidingo.jonasmelchersonlab.se\/en\/wp-json\/wp\/v2\/pages\/203\/revisions\/13607"}],"up":[{"embeddable":true,"href":"https:\/\/lidingo.jonasmelchersonlab.se\/en\/wp-json\/wp\/v2\/pages\/2125"}],"wp:attachment":[{"href":"https:\/\/lidingo.jonasmelchersonlab.se\/en\/wp-json\/wp\/v2\/media?parent=203"}],"wp:term":[{"taxonomy":"category","embeddable":true,"href":"https:\/\/lidingo.jonasmelchersonlab.se\/en\/wp-json\/wp\/v2\/categories?post=203"},{"taxonomy":"post_tag","embeddable":true,"href":"https:\/\/lidingo.jonasmelchersonlab.se\/en\/wp-json\/wp\/v2\/tags?post=203"},{"taxonomy":"sidmall","embeddable":true,"href":"https:\/\/lidingo.jonasmelchersonlab.se\/en\/wp-json\/wp\/v2\/sidmall?post=203"},{"taxonomy":"wf_page_folders","embeddable":true,"href":"https:\/\/lidingo.jonasmelchersonlab.se\/en\/wp-json\/wp\/v2\/wf_page_folders?post=203"}],"curies":[{"name":"wp","href":"https:\/\/api.w.org\/{rel}","templated":true}]}}