{"id":1878,"date":"2014-05-13T11:49:45","date_gmt":"2014-05-13T11:49:45","guid":{"rendered":"\/"},"modified":"2025-09-12T14:10:06","modified_gmt":"2025-09-12T14:10:06","slug":"roster-fran-vara-medarbetare","status":"publish","type":"page","link":"https:\/\/lidingo.jonasmelchersonlab.se\/en\/om-barnens-gymnastikskola\/om\/vara-pedagoger\/jobba-hos-oss\/roster-fran-vara-medarbetare\/","title":{"rendered":"Voices from our employees"},"content":{"rendered":"<p><strong>Emelie<\/strong><\/p>\n<p>Jag hittade till Liding\u00f6 Gymnastikskola genom Arbetsf\u00f6rmedlingen n\u00e4r jag studerade programmet Friskv\u00e5rd och h\u00e4lsa p\u00e5 KUI i Stockholm. Jag b\u00f6rjade med praktik i tv\u00e5 veckor vilket senare ledde till en anst\u00e4llning!<\/p>\n<p>Genom att f\u00e5 fyra obligatoriska utbildningar om \u00e5ret s\u00e5 f\u00e5r man de verktyg man beh\u00f6ver f\u00f6r att kunna ge en s\u00e4ker och pedagogisk undervisning ute i salarna. Det \u00e4r \u00e4ven ett j\u00e4ttebra tillf\u00e4lle att svetsa samman teamen och l\u00e4ra k\u00e4nna alla medarbetare.<\/p>\n<p>Vi jobbar i v\u00e4ldigt tighta team tillsammans d\u00e4r alla har sin specifika roll och plats. Alla kollegorna \u00e4r helt underbara att jobba tillsammans med. Det b\u00e4sta med att jobba p\u00e5 Liding\u00f6 Gymnastikskola \u00e4r att alltid vara omgiven av dessa underbara m\u00e4nniskor man tr\u00e4ffar varje dag. Det \u00e4r \u00e4ven fantastiskt att se barnens motoriska utveckling som de g\u00f6r tillsammans med oss! Genom jobbet p\u00e5 Liding\u00f6 Gymnastikskola har jag blivit mer social och l\u00e4rt k\u00e4nna mig sj\u00e4lv och min ledarroll. Jag har byggt upp min sj\u00e4lvk\u00e4nsla samt sj\u00e4lvf\u00f6rtroende och l\u00e4rt mig s\u00e5 otroligt mycket om mig sj\u00e4lv.<\/p>\n<p>Det b\u00e4sta med att jobba fem dagar i veckan men fortfarande jobba deltid (jag jobbar ca 70 %) \u00e4r att man hinner med alla andra livsprojekt vid sidan av jobbet. Jag har valt just detta jobb f\u00f6r att det inte \u00e4r heltid, jag beh\u00f6ver mina lediga timmar f\u00f6r att f\u00e5 vardagen att g\u00e5 i hop. Ett liv med hundar fungerar s\u00e5 mycket b\u00e4ttre om du jobbar mindre.<\/p>\n<p><strong>Linnea<\/strong><\/p>\n<p>Jag har arbetat p\u00e5 Liding\u00f6 Gymnastikskola sedan mars 2013, och har varit huvudpedagog sedan augusti samma \u00e5r. Jag jobbar fem dagar i veckan, l\u00f6rdag &#8211; onsdag, s\u00e5ledes mestadels eftermiddagar och kv\u00e4llar. Halvtiden har passat perfekt f\u00f6r mig det h\u00e4r \u00e5ret d\u00e5 jag har f\u00e5tt m\u00f6jlighet att h\u00e5lla p\u00e5 med mina andra projekt p\u00e5 dagarna &#8211; jag \u00e4lskar att jobba i projekt och har alltid n\u00e5gonting p\u00e5 g\u00e5ng. Min lediga tid har mestadels g\u00e5tt \u00e5t till att skriva p\u00e5 en blivande roman. Om jag hade jobbat heltid p\u00e5 ett kontor hade jag aldrig haft tid eller ork att skriva s\u00e5 mycket som jag har gjort.<br \/>\nJag hittade till Liding\u00f6 Gymnastikskola genom tv\u00e5 av mina forna gymnasiekamrater som arbetade d\u00e4r, jag h\u00f6rde sj\u00e4lv av mig till kontoret och fick komma p\u00e5 intervju.<br \/>\nTack vare fyra utbildningar per \u00e5r blir arbetsgruppen v\u00e4ldigt sammanh\u00e5llen eftersom man tr\u00e4ffas s\u00e5 pass ofta. Man f\u00e5r v\u00e4dra sina funderingar, och f\u00e5r bra respons. Man l\u00e4r sig ofta nya saker som man har anv\u00e4ndning f\u00f6r ute i salarna. Mina kollegor \u00e4r v\u00e4rldens b\u00e4sta, har tr\u00e4ffat m\u00e5nga v\u00e4nner tack vare det h\u00e4r jobbet! Vi har v\u00e4ldigt roligt tillsammans vilket nog m\u00e4rks p\u00e5 gymnastiklektionerna. Det h\u00e4r jobbet har gett mig b\u00e4ttre sj\u00e4lvf\u00f6rtroende, m\u00e5lmedvetenhet, jag har blivit bra p\u00e5 att planera samt disponera tid.<\/p>\n<p><strong>Hedda<\/strong><\/p>\n<p>Jag hittade till Liding\u00f6 Gymnastikskola genom en v\u00e4n fr\u00e5n gymnasiet och efter\u00a0att ha jobbat ett halv\u00e5r som pedagog ut\u00f6kades min tj\u00e4nst och jag b\u00f6rjade arbeta p\u00e5 kontoret med administration och kundkontakter. Jag fick ocks\u00e5 en plats i Liding\u00f6 Gymnastikskolas utvecklingsgrupp d\u00e4r jag blev delaktig i utvecklingen av Barnyogaverksamheten som sedan startades n\u00e5gra m\u00e5nader senare, och d\u00e4r jag nu \u00e4r en av instrukt\u00f6rerna. Detta \u00e4r och har varit superkul eftersom jag sj\u00e4lv har yogabakgrund.<br \/>\nDet b\u00e4sta med att jobba p\u00e5 Liding\u00f6 gymnastikskola\u00a0\u00e4r att f\u00e5 vara med och hj\u00e4lpa barn utvecklas: fysiskt, i mod och i sj\u00e4lvf\u00f6rtroende. Eftersom jag \u00e4r med och leder grupper i olika \u00e5ldrar blir dagarna aldrig desamma och man har verkligen aldrig tr\u00e5kigt p\u00e5 jobbet. Att\u00a0g\u00e5 fyra obligatoriska utbildningar om \u00e5ret g\u00f6r att jag k\u00e4nner mig trygg i det jag l\u00e4r ut och f\u00e5r en massa pedagogiska verktyg. Utbildningarna ger en ju ocks\u00e5 en chans att l\u00e4ra k\u00e4nna sina arbetskamrater b\u00e4ttre vilket g\u00f6r det \u00e4nnu roligare att jobba ihop! Liding\u00f6 gymnastikskola har gett mig massor av v\u00e4nner och det \u00e4r verkligen en j\u00e4ttebra sammanh\u00e5llning p\u00e5 jobbet.<br \/>\nMitt jobb p\u00e5 Liding\u00f6 gymnastikskola har \u00f6kat min sociala, samarbets- och ledarskapsf\u00f6rm\u00e5ga, gett mig massor av sj\u00e4lvf\u00f6rtroende genom all uppskattning jag f\u00e5tt av barnen och jag har ocks\u00e5 l\u00e4rt mig att l\u00e4sa av olika situationer och agera d\u00e4refter, disponera tid, samt genom kontorsarbetet ocks\u00e5 f\u00e5tt kunskaper inom administration och kundkommunikation!<\/p>\n<p><strong>S\u00edmon<\/strong><\/p>\n<p>Jag hittade till Liding\u00f6 Gymnastikskola genom Arbetsf\u00f6rmedlingen. Arbetstiderna har passat mig bra eftersom jag samtidigt studerat p\u00e5 Komvux. Alla medarbetare \u00e4r\u00a0trevliga och sn\u00e4lla vilket g\u00f6r att man l\u00e4tt kan jobba inom sitt ledarteam. Jag hade sj\u00e4lv ingen gymnastikbakgrund n\u00e4r jag b\u00f6rjade, men tack vare andra ledare och utbildningarna har jag l\u00e4rt mig mycket. Liding\u00f6 Gymnastikskola \u00e4r en arbetsplats d\u00e4r man f\u00e5r chansen att utveckla sig inom b\u00e5de gymnastik, ansvar m.m.<\/p>","protected":false},"excerpt":{"rendered":"<p>Emelie Jag hittade till Liding\u00f6 Gymnastikskola genom Arbetsf\u00f6rmedlingen n\u00e4r jag studerade programmet Friskv\u00e5rd och h\u00e4lsa p\u00e5 KUI i Stockholm. Jag b\u00f6rjade med praktik i tv\u00e5 veckor vilket senare ledde till en anst\u00e4llning! Genom att f\u00e5 fyra obligatoriska utbildningar om \u00e5ret s\u00e5 f\u00e5r man de verktyg man beh\u00f6ver f\u00f6r att kunna ge en s\u00e4ker och pedagogisk [&hellip;]<\/p>","protected":false},"author":140,"featured_media":0,"parent":57,"menu_order":49,"comment_status":"closed","ping_status":"closed","template":"","meta":{"_acf_changed":false,"footnotes":""},"categories":[261],"tags":[],"sidmall":[],"wf_page_folders":[],"class_list":["post-1878","page","type-page","status-publish","hentry","category-om-oss"],"acf":[],"_links":{"self":[{"href":"https:\/\/lidingo.jonasmelchersonlab.se\/en\/wp-json\/wp\/v2\/pages\/1878","targetHints":{"allow":["GET"]}}],"collection":[{"href":"https:\/\/lidingo.jonasmelchersonlab.se\/en\/wp-json\/wp\/v2\/pages"}],"about":[{"href":"https:\/\/lidingo.jonasmelchersonlab.se\/en\/wp-json\/wp\/v2\/types\/page"}],"author":[{"embeddable":true,"href":"https:\/\/lidingo.jonasmelchersonlab.se\/en\/wp-json\/wp\/v2\/users\/140"}],"replies":[{"embeddable":true,"href":"https:\/\/lidingo.jonasmelchersonlab.se\/en\/wp-json\/wp\/v2\/comments?post=1878"}],"version-history":[{"count":1,"href":"https:\/\/lidingo.jonasmelchersonlab.se\/en\/wp-json\/wp\/v2\/pages\/1878\/revisions"}],"predecessor-version":[{"id":13113,"href":"https:\/\/lidingo.jonasmelchersonlab.se\/en\/wp-json\/wp\/v2\/pages\/1878\/revisions\/13113"}],"up":[{"embeddable":true,"href":"https:\/\/lidingo.jonasmelchersonlab.se\/en\/wp-json\/wp\/v2\/pages\/57"}],"wp:attachment":[{"href":"https:\/\/lidingo.jonasmelchersonlab.se\/en\/wp-json\/wp\/v2\/media?parent=1878"}],"wp:term":[{"taxonomy":"category","embeddable":true,"href":"https:\/\/lidingo.jonasmelchersonlab.se\/en\/wp-json\/wp\/v2\/categories?post=1878"},{"taxonomy":"post_tag","embeddable":true,"href":"https:\/\/lidingo.jonasmelchersonlab.se\/en\/wp-json\/wp\/v2\/tags?post=1878"},{"taxonomy":"sidmall","embeddable":true,"href":"https:\/\/lidingo.jonasmelchersonlab.se\/en\/wp-json\/wp\/v2\/sidmall?post=1878"},{"taxonomy":"wf_page_folders","embeddable":true,"href":"https:\/\/lidingo.jonasmelchersonlab.se\/en\/wp-json\/wp\/v2\/wf_page_folders?post=1878"}],"curies":[{"name":"wp","href":"https:\/\/api.w.org\/{rel}","templated":true}]}}