{"id":1277,"date":"2012-09-05T12:20:26","date_gmt":"2012-09-05T12:20:26","guid":{"rendered":"\/"},"modified":"2024-04-05T09:33:29","modified_gmt":"2024-04-05T09:33:29","slug":"dykskola","status":"publish","type":"page","link":"https:\/\/lidingo.jonasmelchersonlab.se\/en\/dykskola\/","title":{"rendered":"Diving school"},"content":{"rendered":"<p>Are you interested in either refreshing an old certificate that you took a long time ago? Or if now is the time when you finally want to take the plunge and start diving? Then we would love to help you!<\/p>\n<h3>PADI Diving Courses<\/h3>\n<p>We start new courses by agreement.<\/p>\n<p>The course is a so-called Open Water Referral, which means that you will undergo and be tested in 3 of the 4 areas that lead to a PADI Open Water certificate (Junior Open Water between 10-14 years old).<\/p>\n<h3>What we do on the course is:<\/h3>\n<ol>\n<li>Read and go through the 5 theory sections in the course book and the dive computer manual, including knowledge checks, and take quizzes and final exams.<\/li>\n<li>Complete and pass the 5 sections that apply to pool diving.<\/li>\n<li>Complete and pass the swimming skill requirements. (200 m and 10 min water treading\/floating)<\/li>\n<li>(Complete and pass Open Water dives 1-4)<\/li>\n<\/ol>\n<p>The 4th point is the one we omit in a Referral and consists of 4 Open Water dives. These open water dives are the ones you will complete your training with at a dive center in Sweden or abroad. This must be done within 1 year from the date you are approved on the first 3 points.<\/p>\n<p>The schedule typically looks like this:<\/p>\n<p>Occasion 1, 4:30\u20137:00 PM (e.g.)<br \/>\nDistribution of course materials, review course structure, clarify any equipment needs (bring your own equipment if necessary).<\/p>\n<p>Event 2, 4:30\u20138:00 PM<br \/>\nReview of sections 1-2 of the manual including the knowledge checks. Review pool dives associated with these sections. If time permits, quizzes 1 and 2.<\/p>\n<p>Event 3, 4:30\u20138:00 PM<br \/>\nReview of sections 3-5 of the manual including the knowledge checks. Review pool dives with hearing<br \/>\nto these sections. If time permits, quiz 3 and 4.<\/p>\n<p>Event 4, 4:30\u20138:00 PM<br \/>\nAssemble\/disassemble air packages, any remaining quizzes, and take the final exam.<\/p>\n<p>Pool dive:<\/p>\n<p>Evening 1 approx. 3 hours Pool dive 1-2<\/p>\n<p>Evening 2 approx. 3 hours Pool dive 3-5<\/p>\n<p>Price: SEK 3,100 \u2013 The course fee includes loan of air package (regulator, air and diving vest), heel strap fins and dive computer, course materials and certification for PADI Open Water Referral.<\/p>\n<h3 style=\"text-align: left;\">Are you going on a sun holiday and maybe go diving?<\/h3>\n<p>If it has been more than 1 year since your last dive, you need to do a Scuba Review. You can do this with us before you go.<\/p>\n<p>We go through most of the exercises from the Open Water course as well as a thorough review of the theory.<\/p>\n<p><u>Not included<\/u>: Mask, snorkel, wetsuit, wetsuit shoes or full-foot fins. If you do not have these, we will help you during the introduction to either try them out for purchase or rental. However, we believe that it is important to own your own mask, snorkel and wetsuit when you have a diving certificate, as it gives you the security that this has been tested for you and is easy to carry with you. This will both increase safety and make it easier to dive after you have obtained your certificate.<\/p>\n<p>Price: PADI Scuba Review: SEK 2,000<\/p>\n<p>Welcome!<\/p>\n<p><img fetchpriority=\"high\" decoding=\"async\" class=\"alignnone wp-image-1474 size-full\" title=\"20130216_KT_peter-8009\" src=\"https:\/\/lidingo.jonasmelchersonlab.se\/wp-content\/uploads\/sites\/4\/2013\/05\/20130216_KT_peter-8009.jpg\" alt=\"\" width=\"480\" height=\"320\" srcset=\"https:\/\/lidingo.jonasmelchersonlab.se\/wp-content\/uploads\/sites\/4\/2013\/05\/20130216_KT_peter-8009.jpg 480w, https:\/\/lidingo.jonasmelchersonlab.se\/wp-content\/uploads\/sites\/4\/2013\/05\/20130216_KT_peter-8009-300x200.jpg 300w\" sizes=\"(max-width: 480px) 100vw, 480px\" \/><\/p>\n<p>_____________________________________________________<\/p>\n<p>Contact us if you are interested in our diving courses. We put together groups based on interest. We have a maximum of four people in the pool at a time, a maximum of eight in theory. If you are four or more who know each other, you can put together your own group.<\/p>\n<p>Contact us at info@lidingogymnastikskola.se or at <span class=\"skype_c2c_print_container notranslate\">08-765 49 00<\/span><span id=\"skype_c2c_container\" class=\"skype_c2c_container notranslate\" dir=\"ltr\"><span class=\"skype_c2c_highlighting_inactive_common\" dir=\"ltr\"><span id=\"non_free_num_ui\" class=\"skype_c2c_textarea_span\"><img decoding=\"async\" class=\"skype_c2c_logo_img\" src=\"resource:\/\/skype_ff_extension-at-jetpack\/skype_ff_extension\/data\/call_skype_logo.png\" alt=\"\" width=\"0\" height=\"0\" \/><span class=\"skype_c2c_text_span\">08-765 49 00<\/span><\/span><\/span><\/span>.<\/p>\n<p><a href=\"\/en\/dykskola\/padilogohoriz4cdotcom-2\/\" rel=\"attachment wp-att-1299\"><img decoding=\"async\" class=\"alignright wp-image-1299 size-medium\" title=\"PADI Logo\" src=\"https:\/\/lidingo.jonasmelchersonlab.se\/wp-content\/uploads\/sites\/4\/2012\/09\/PADILogoHoriz4Cdotcom_print1-300x116.jpg\" alt=\"\" width=\"300\" height=\"116\" srcset=\"https:\/\/lidingo.jonasmelchersonlab.se\/wp-content\/uploads\/sites\/4\/2012\/09\/PADILogoHoriz4Cdotcom_print1-300x116.jpg 300w, https:\/\/lidingo.jonasmelchersonlab.se\/wp-content\/uploads\/sites\/4\/2012\/09\/PADILogoHoriz4Cdotcom_print1-600x231.jpg 600w, https:\/\/lidingo.jonasmelchersonlab.se\/wp-content\/uploads\/sites\/4\/2012\/09\/PADILogoHoriz4Cdotcom_print1-768x296.jpg 768w, https:\/\/lidingo.jonasmelchersonlab.se\/wp-content\/uploads\/sites\/4\/2012\/09\/PADILogoHoriz4Cdotcom_print1.jpg 879w\" sizes=\"(max-width: 300px) 100vw, 300px\" \/><\/a><\/p>\n<div id=\"skype_c2c_menu_container\" class=\"skype_c2c_menu_container notranslate\" style=\"display: none;\">\n<div class=\"skype_c2c_menu_click2call\"><a id=\"skype_c2c_menu_click2call_action\" class=\"skype_c2c_menu_click2call_action\" target=\"_self\" rel=\"noopener\"><\/a>Call<\/div>\n<div class=\"skype_c2c_menu_click2sms\"><a id=\"skype_c2c_menu_click2sms_action\" class=\"skype_c2c_menu_click2sms_action\" target=\"_self\" rel=\"noopener\"><\/a>Send SMS<\/div>\n<div class=\"skype_c2c_menu_push_to_mobile\"><a id=\"skype_c2c_menu_push_to_mobile_action\" class=\"skype_c2c_menu_push_to_mobile_action\" target=\"_blank\" rel=\"noopener\"><\/a>Call from mobile<\/div>\n<div class=\"skype_c2c_menu_add2skype\"><a id=\"skype_c2c_menu_add2skype_text\" class=\"skype_c2c_menu_add2skype_text\" target=\"_self\" rel=\"noopener\"><\/a>Add to Skype<\/div>\n<div class=\"skype_c2c_menu_toll_info\"><span class=\"skype_c2c_menu_toll_callcredit\">You&#039;ll need Skype Credit<\/span><span class=\"skype_c2c_menu_toll_free\">Free via Skype<\/span><\/div>\n<\/div>","protected":false},"excerpt":{"rendered":"<p>\u00c4r du intresserad av att antingen fr\u00e4scha upp ett gammalt certifikat som du tog f\u00f6r l\u00e4nge sedan? Eller om nu \u00e4r tiden d\u00e5 du \u00e4ntligen vill ta klivet och b\u00f6rja dyka? D\u00e5 vill vi g\u00e4rna hj\u00e4lpa dig! PADI Dykkurser Vi startar nya kurser enligt \u00f6verenskommelse. Kursen \u00e4r en s\u00e5 kallad Open Water Referral, vilket inneb\u00e4r [&hellip;]<\/p>","protected":false},"author":140,"featured_media":1287,"parent":0,"menu_order":12,"comment_status":"closed","ping_status":"closed","template":"","meta":{"_acf_changed":false,"footnotes":""},"categories":[16],"tags":[],"sidmall":[253],"wf_page_folders":[],"class_list":["post-1277","page","type-page","status-publish","has-post-thumbnail","hentry","category-service-och-information","sidmall-bild-topp-kraver-bild-med-minst-1920-pixlar-bredd"],"acf":[],"_links":{"self":[{"href":"https:\/\/lidingo.jonasmelchersonlab.se\/en\/wp-json\/wp\/v2\/pages\/1277","targetHints":{"allow":["GET"]}}],"collection":[{"href":"https:\/\/lidingo.jonasmelchersonlab.se\/en\/wp-json\/wp\/v2\/pages"}],"about":[{"href":"https:\/\/lidingo.jonasmelchersonlab.se\/en\/wp-json\/wp\/v2\/types\/page"}],"author":[{"embeddable":true,"href":"https:\/\/lidingo.jonasmelchersonlab.se\/en\/wp-json\/wp\/v2\/users\/140"}],"replies":[{"embeddable":true,"href":"https:\/\/lidingo.jonasmelchersonlab.se\/en\/wp-json\/wp\/v2\/comments?post=1277"}],"version-history":[{"count":0,"href":"https:\/\/lidingo.jonasmelchersonlab.se\/en\/wp-json\/wp\/v2\/pages\/1277\/revisions"}],"wp:featuredmedia":[{"embeddable":true,"href":"https:\/\/lidingo.jonasmelchersonlab.se\/en\/wp-json\/wp\/v2\/media\/1287"}],"wp:attachment":[{"href":"https:\/\/lidingo.jonasmelchersonlab.se\/en\/wp-json\/wp\/v2\/media?parent=1277"}],"wp:term":[{"taxonomy":"category","embeddable":true,"href":"https:\/\/lidingo.jonasmelchersonlab.se\/en\/wp-json\/wp\/v2\/categories?post=1277"},{"taxonomy":"post_tag","embeddable":true,"href":"https:\/\/lidingo.jonasmelchersonlab.se\/en\/wp-json\/wp\/v2\/tags?post=1277"},{"taxonomy":"sidmall","embeddable":true,"href":"https:\/\/lidingo.jonasmelchersonlab.se\/en\/wp-json\/wp\/v2\/sidmall?post=1277"},{"taxonomy":"wf_page_folders","embeddable":true,"href":"https:\/\/lidingo.jonasmelchersonlab.se\/en\/wp-json\/wp\/v2\/wf_page_folders?post=1277"}],"curies":[{"name":"wp","href":"https:\/\/api.w.org\/{rel}","templated":true}]}}